{"id":588,"date":"2013-11-20T12:37:46","date_gmt":"2013-11-20T12:37:46","guid":{"rendered":"https:\/\/www.askurochembla.ax\/?post_type=product&#038;p=588"},"modified":"2023-09-15T06:31:53","modified_gmt":"2023-09-15T06:31:53","slug":"kudde-hirs","status":"publish","type":"product","link":"https:\/\/www.askurochembla.ax\/?product=kudde-hirs","title":{"rendered":"Kudde med hirs"},"content":{"rendered":"","protected":false},"excerpt":{"rendered":"<p>Den h\u00e4r sk\u00f6na ergonomiska kudden \u00e4r fylld med s\u00e4desslaget hirs vilket ger kudden fina egenskaper. Den anpassar sig enkelt och du kan forma den. Hirskornen \u00e4r som sm\u00e5 p\u00e4rlor som l\u00e4tt f\u00f6ljer ditt huvuds r\u00f6relser. \u00d6verdraget i bomull har ett blixtl\u00e5s s\u00e5 att man kan anpassa m\u00e4ngden fyllnad sj\u00e4lv.<\/p>\n<p>Certifierad ekologisk bomull av GOTS. Produktionen \u00e4r certifierad av IVN. Alla produkter testas regelm\u00e4ssigt f\u00f6r inneh\u00e5ll av skadliga \u00e4mnen av ECO-institutet i Tyskland.<\/p>\n<p><b>\u00d6verdrag:<\/b><br \/>\n100% ekologisk bomull (kbA)<\/p>\n<p><b>Stoppning:<\/b><br \/>\n40 x 60 cm: 1,900 g ekologiska hirskorn (kbA).<br \/>\n40 x 80 cm: 2,500 g ekologiska hirskorn (kbA).<\/p>\n<p><strong>Leveranstid:<\/strong><\/p>\n<p>Mellan 4 och 6 veckor.<\/p>\n","protected":false},"featured_media":1297,"comment_status":"open","ping_status":"closed","template":"","meta":[],"product_brand":[],"product_cat":[88],"product_tag":[],"class_list":{"0":"post-588","1":"product","2":"type-product","3":"status-publish","4":"has-post-thumbnail","6":"product_cat-kuddar-med-sad-eller-karnor","7":"product_shipping_class-fast-pris-kuddar-barnsovrumsprodukter","8":"pa_k1-40x60-cm-b-x-l","9":"pa_k1-40x80-cm-b-x-l","10":"pa_k1-80x80-cm-b-x-l","11":"pa_k1-60x50-cm-b-x-l","13":"first","14":"onbackorder","15":"taxable","16":"shipping-taxable","17":"purchasable","18":"product-type-variable","19":"has-default-attributes"},"_links":{"self":[{"href":"https:\/\/www.askurochembla.ax\/index.php?rest_route=\/wp\/v2\/product\/588","targetHints":{"allow":["GET"]}}],"collection":[{"href":"https:\/\/www.askurochembla.ax\/index.php?rest_route=\/wp\/v2\/product"}],"about":[{"href":"https:\/\/www.askurochembla.ax\/index.php?rest_route=\/wp\/v2\/types\/product"}],"replies":[{"embeddable":true,"href":"https:\/\/www.askurochembla.ax\/index.php?rest_route=%2Fwp%2Fv2%2Fcomments&post=588"}],"wp:featuredmedia":[{"embeddable":true,"href":"https:\/\/www.askurochembla.ax\/index.php?rest_route=\/wp\/v2\/media\/1297"}],"wp:attachment":[{"href":"https:\/\/www.askurochembla.ax\/index.php?rest_route=%2Fwp%2Fv2%2Fmedia&parent=588"}],"wp:term":[{"taxonomy":"product_brand","embeddable":true,"href":"https:\/\/www.askurochembla.ax\/index.php?rest_route=%2Fwp%2Fv2%2Fproduct_brand&post=588"},{"taxonomy":"product_cat","embeddable":true,"href":"https:\/\/www.askurochembla.ax\/index.php?rest_route=%2Fwp%2Fv2%2Fproduct_cat&post=588"},{"taxonomy":"product_tag","embeddable":true,"href":"https:\/\/www.askurochembla.ax\/index.php?rest_route=%2Fwp%2Fv2%2Fproduct_tag&post=588"}],"curies":[{"name":"wp","href":"https:\/\/api.w.org\/{rel}","templated":true}]}}