{"id":597,"date":"2013-11-20T13:33:34","date_gmt":"2013-11-20T13:33:34","guid":{"rendered":"https:\/\/www.askurochembla.ax\/?post_type=product&#038;p=597"},"modified":"2023-09-15T06:31:35","modified_gmt":"2023-09-15T06:31:35","slug":"kudde-merinolammull-fleece-perkal","status":"publish","type":"product","link":"https:\/\/www.askurochembla.ax\/?product=kudde-merinolammull-fleece-perkal","title":{"rendered":"Kudde med merino lammullsfleece, jersey"},"content":{"rendered":"","protected":false},"excerpt":{"rendered":"<p>Ren certifierad lammull, stoppad i ekologisk i fint v\u00e4vd bomullssperkal. En fastare kudde f\u00f6r den som mest sover p\u00e5 mage. Den stora kudden passar som st\u00f6dkudde n\u00e4r man sitter och l\u00e4ser i s\u00e4ngen, eller att mysa med i soffan.<\/p>\n<p>Certifierad ekologisk bomull av GOTS. Lammull fr\u00e5n garanterat god djurh\u00e5llning, kbT. Produktionen \u00e4r certifierad av IVN. Alla produkter testas regelm\u00e4ssigt f\u00f6r inneh\u00e5ll av skadliga \u00e4mnen av ECO-institutet i Tyskland.<\/p>\n<p><b>\u00d6verdrag:<\/b><br \/>\n100% certifierad ekologisk bomullsperkal (kbA). Quiltad, med blixtl\u00e5s.<\/p>\n<p><b>Stoppning:<\/b><\/p>\n<p>40 x 80 cm: 500 g g vadd av ekologisk lammull (kbT)<br \/>\n80 x 80 cm: 1,000 g g vadd av ekologisk lammull (kbT)<\/p>\n<p><strong>Leveranstid:<\/strong><\/p>\n<p>Mellan 4 och 6 veckor.<\/p>\n","protected":false},"featured_media":568,"comment_status":"open","ping_status":"closed","template":"","meta":[],"product_brand":[],"product_cat":[91],"product_tag":[],"class_list":{"0":"post-597","1":"product","2":"type-product","3":"status-publish","4":"has-post-thumbnail","6":"product_cat-kuddar-med-lammull","7":"product_shipping_class-fast-pris-kuddar-barnsovrumsprodukter","8":"pa_k1-40x80-cm-b-x-l","9":"pa_k1-80x80-cm-b-x-l","10":"pa_k1-60x50-cm-b-x-l","12":"first","13":"onbackorder","14":"taxable","15":"shipping-taxable","16":"purchasable","17":"product-type-variable","18":"has-default-attributes"},"_links":{"self":[{"href":"https:\/\/www.askurochembla.ax\/index.php?rest_route=\/wp\/v2\/product\/597","targetHints":{"allow":["GET"]}}],"collection":[{"href":"https:\/\/www.askurochembla.ax\/index.php?rest_route=\/wp\/v2\/product"}],"about":[{"href":"https:\/\/www.askurochembla.ax\/index.php?rest_route=\/wp\/v2\/types\/product"}],"replies":[{"embeddable":true,"href":"https:\/\/www.askurochembla.ax\/index.php?rest_route=%2Fwp%2Fv2%2Fcomments&post=597"}],"wp:featuredmedia":[{"embeddable":true,"href":"https:\/\/www.askurochembla.ax\/index.php?rest_route=\/wp\/v2\/media\/568"}],"wp:attachment":[{"href":"https:\/\/www.askurochembla.ax\/index.php?rest_route=%2Fwp%2Fv2%2Fmedia&parent=597"}],"wp:term":[{"taxonomy":"product_brand","embeddable":true,"href":"https:\/\/www.askurochembla.ax\/index.php?rest_route=%2Fwp%2Fv2%2Fproduct_brand&post=597"},{"taxonomy":"product_cat","embeddable":true,"href":"https:\/\/www.askurochembla.ax\/index.php?rest_route=%2Fwp%2Fv2%2Fproduct_cat&post=597"},{"taxonomy":"product_tag","embeddable":true,"href":"https:\/\/www.askurochembla.ax\/index.php?rest_route=%2Fwp%2Fv2%2Fproduct_tag&post=597"}],"curies":[{"name":"wp","href":"https:\/\/api.w.org\/{rel}","templated":true}]}}