{"id":602,"date":"2013-11-20T13:56:43","date_gmt":"2013-11-20T13:56:43","guid":{"rendered":"https:\/\/www.askurochembla.ax\/?post_type=product&#038;p=602"},"modified":"2023-09-15T06:31:27","modified_gmt":"2023-09-15T06:31:27","slug":"kudde-merinolammull-kulor-jersey","status":"publish","type":"product","link":"https:\/\/www.askurochembla.ax\/?product=kudde-merinolammull-kulor-jersey","title":{"rendered":"Kudde med merino lammullskulor, jersey"},"content":{"rendered":"","protected":false},"excerpt":{"rendered":"<p>Stoppningen av sm\u00e5 kulor av ekologisk lammull (kbT) g\u00f6r denna kudde fj\u00e4drande och flexibel. Det \u00e4r l\u00e4tt att variera m\u00e4ngden stoppning eftersom innerkudden har blixtl\u00e5s.<\/p>\n<p>Certifierad ekologisk bomull av GOTS. Lammull fr\u00e5n garanterat god djurh\u00e5llning, kbT. Produktionen \u00e4r certifierad av IVN. Alla produkter testas regelm\u00e4ssigt f\u00f6r inneh\u00e5ll av skadliga \u00e4mnen av ECO-institutet i Tyskland.<\/p>\n<p><b>Stoppning:<\/b><br \/>\n700 g sm\u00e5 kulor av ekologisk lammull<\/p>\n<p><b>\u00d6verdrag:<\/b><br \/>\n100 % ekologisk bomullsjersey (kbA)<\/p>\n<p><strong>Leveranstid:<\/strong><\/p>\n<p>Mellan 4 och 6 veckor<\/p>\n","protected":false},"featured_media":603,"comment_status":"open","ping_status":"closed","template":"","meta":[],"product_brand":[],"product_cat":[91],"product_tag":[],"class_list":{"0":"post-602","1":"product","2":"type-product","3":"status-publish","4":"has-post-thumbnail","6":"product_cat-kuddar-med-lammull","7":"product_shipping_class-fast-pris-kuddar-barnsovrumsprodukter","8":"pa_k1-40x80-cm-b-x-l","9":"pa_k1-80x80-cm-b-x-l","11":"first","12":"onbackorder","13":"taxable","14":"shipping-taxable","15":"purchasable","16":"product-type-variable","17":"has-default-attributes"},"_links":{"self":[{"href":"https:\/\/www.askurochembla.ax\/index.php?rest_route=\/wp\/v2\/product\/602","targetHints":{"allow":["GET"]}}],"collection":[{"href":"https:\/\/www.askurochembla.ax\/index.php?rest_route=\/wp\/v2\/product"}],"about":[{"href":"https:\/\/www.askurochembla.ax\/index.php?rest_route=\/wp\/v2\/types\/product"}],"replies":[{"embeddable":true,"href":"https:\/\/www.askurochembla.ax\/index.php?rest_route=%2Fwp%2Fv2%2Fcomments&post=602"}],"wp:featuredmedia":[{"embeddable":true,"href":"https:\/\/www.askurochembla.ax\/index.php?rest_route=\/wp\/v2\/media\/603"}],"wp:attachment":[{"href":"https:\/\/www.askurochembla.ax\/index.php?rest_route=%2Fwp%2Fv2%2Fmedia&parent=602"}],"wp:term":[{"taxonomy":"product_brand","embeddable":true,"href":"https:\/\/www.askurochembla.ax\/index.php?rest_route=%2Fwp%2Fv2%2Fproduct_brand&post=602"},{"taxonomy":"product_cat","embeddable":true,"href":"https:\/\/www.askurochembla.ax\/index.php?rest_route=%2Fwp%2Fv2%2Fproduct_cat&post=602"},{"taxonomy":"product_tag","embeddable":true,"href":"https:\/\/www.askurochembla.ax\/index.php?rest_route=%2Fwp%2Fv2%2Fproduct_tag&post=602"}],"curies":[{"name":"wp","href":"https:\/\/api.w.org\/{rel}","templated":true}]}}