{"id":622,"date":"2013-11-20T14:09:57","date_gmt":"2013-11-20T14:09:57","guid":{"rendered":"https:\/\/www.askurochembla.ax\/?post_type=product&#038;p=622"},"modified":"2023-09-15T06:31:06","modified_gmt":"2023-09-15T06:31:06","slug":"stoppad-kudde-kamelullsstoppat-overdrag-kamelull","status":"publish","type":"product","link":"https:\/\/www.askurochembla.ax\/?product=stoppad-kudde-kamelullsstoppat-overdrag-kamelull","title":{"rendered":"Stoppad kudde kamelull"},"content":{"rendered":"","protected":false},"excerpt":{"rendered":"<p>En ljuvlig kudde av skimrande bomullsperkal stoppad med mjukt kamelh\u00e5r. Den h\u00e4r h\u00e4rliga, mjuka kudden har sk\u00f6n volym. Kamelh\u00e5r ger ett torrt och sk\u00f6nt sovklimat eftersom det har h\u00f6g v\u00e4rmekapacitet och snabbt leder bort fukt. Riktig ekolyx!<\/p>\n<p>Certifierad ekologisk bomull av GOTS. Produktionen \u00e4r certifierad av IVN. Alla produkter testas regelm\u00e4ssigt f\u00f6r inneh\u00e5ll av skadliga \u00e4mnen av ECO-institutet i Tyskland. Tv\u00e5 \u00e5rs fabriksgaranti fr\u00e5n Prolana.<\/p>\n<p><b>\u00d6verdrag:<\/b><br \/>\n100% ekologisk bomull (kbA) stoppad med kamelull och quitad<\/p>\n<p><b>Stoppning:<\/b><br \/>\nUnderh\u00e5r av kamel (100%)<\/p>\n<p><strong>Leveranstid:<\/strong><\/p>\n<p>Mellan 4 och 6 veckor<\/p>\n","protected":false},"featured_media":1296,"comment_status":"open","ping_status":"closed","template":"","meta":[],"product_brand":[],"product_cat":[92],"product_tag":[],"class_list":{"0":"post-622","1":"product","2":"type-product","3":"status-publish","4":"has-post-thumbnail","6":"product_cat-kuddar-med-kamelull","7":"product_shipping_class-fast-pris-kuddar-barnsovrumsprodukter","8":"pa_k1-40x80-cm-b-x-l","9":"pa_k1-80x80-cm-b-x-l","10":"pa_k1-60x50-cm-b-x-l","12":"first","13":"onbackorder","14":"taxable","15":"shipping-taxable","16":"purchasable","17":"product-type-variable","18":"has-default-attributes"},"_links":{"self":[{"href":"https:\/\/www.askurochembla.ax\/index.php?rest_route=\/wp\/v2\/product\/622","targetHints":{"allow":["GET"]}}],"collection":[{"href":"https:\/\/www.askurochembla.ax\/index.php?rest_route=\/wp\/v2\/product"}],"about":[{"href":"https:\/\/www.askurochembla.ax\/index.php?rest_route=\/wp\/v2\/types\/product"}],"replies":[{"embeddable":true,"href":"https:\/\/www.askurochembla.ax\/index.php?rest_route=%2Fwp%2Fv2%2Fcomments&post=622"}],"wp:featuredmedia":[{"embeddable":true,"href":"https:\/\/www.askurochembla.ax\/index.php?rest_route=\/wp\/v2\/media\/1296"}],"wp:attachment":[{"href":"https:\/\/www.askurochembla.ax\/index.php?rest_route=%2Fwp%2Fv2%2Fmedia&parent=622"}],"wp:term":[{"taxonomy":"product_brand","embeddable":true,"href":"https:\/\/www.askurochembla.ax\/index.php?rest_route=%2Fwp%2Fv2%2Fproduct_brand&post=622"},{"taxonomy":"product_cat","embeddable":true,"href":"https:\/\/www.askurochembla.ax\/index.php?rest_route=%2Fwp%2Fv2%2Fproduct_cat&post=622"},{"taxonomy":"product_tag","embeddable":true,"href":"https:\/\/www.askurochembla.ax\/index.php?rest_route=%2Fwp%2Fv2%2Fproduct_tag&post=622"}],"curies":[{"name":"wp","href":"https:\/\/api.w.org\/{rel}","templated":true}]}}