{"id":633,"date":"2013-11-22T12:47:30","date_gmt":"2013-11-22T12:47:30","guid":{"rendered":"https:\/\/www.askurochembla.ax\/?post_type=product&#038;p=633"},"modified":"2023-08-31T10:59:37","modified_gmt":"2023-08-31T10:59:37","slug":"kudde-naturgummi-och-lammull-perkal-2","status":"publish","type":"product","link":"https:\/\/www.askurochembla.ax\/?product=kudde-naturgummi-och-lammull-perkal-2","title":{"rendered":"Kudde naturgummi och lammull"},"content":{"rendered":"","protected":false},"excerpt":{"rendered":"<p>Den h\u00e4r kudden\u00a0 \u00e4r fylld med flis av naturgummi och sm\u00e5 fluffiga kulor av 100% ekologisk lammull (kbT). Kudden \u00e4r elastisk och f\u00f6ljer med dina r\u00f6relser.<\/p>\n<p>Certifierad ekologisk bomull av GOTS. Lammull fr\u00e5n garanterat god djurh\u00e5llning, kbT. Naturgummi fr\u00e5n gummitr\u00e4d ekologiskt certifierad av QUL och f\u00f6r arbetsf\u00f6rh\u00e5llanden av FairDeal Trading. Produktionen \u00e4r certifierad av IVN. Alla produkter testas regelm\u00e4ssigt f\u00f6r inneh\u00e5ll av skadliga \u00e4mnen av ECO-institutet i Tyskland.<\/p>\n<p><b>\u00d6verdrag:<\/b><br \/>\n100 % ekologisk bomull (kbA) stoppat med feece av bomull.<\/p>\n<p><b>Stoppning:<\/b><br \/>\n100 % fleece av naturgummi samt sm\u00e5 kulor av 100% ekologisk lammull (kbT).<\/p>\n","protected":false},"featured_media":1289,"comment_status":"open","ping_status":"closed","template":"","meta":[],"product_brand":[],"product_cat":[93],"product_tag":[],"class_list":{"0":"post-633","1":"product","2":"type-product","3":"status-publish","4":"has-post-thumbnail","6":"product_cat-kuddar-med-naturgummi","7":"pa_k1-60x50-cm-b-x-l","9":"first","10":"outofstock","11":"taxable","12":"shipping-taxable","13":"product-type-simple"},"_links":{"self":[{"href":"https:\/\/www.askurochembla.ax\/index.php?rest_route=\/wp\/v2\/product\/633","targetHints":{"allow":["GET"]}}],"collection":[{"href":"https:\/\/www.askurochembla.ax\/index.php?rest_route=\/wp\/v2\/product"}],"about":[{"href":"https:\/\/www.askurochembla.ax\/index.php?rest_route=\/wp\/v2\/types\/product"}],"replies":[{"embeddable":true,"href":"https:\/\/www.askurochembla.ax\/index.php?rest_route=%2Fwp%2Fv2%2Fcomments&post=633"}],"wp:featuredmedia":[{"embeddable":true,"href":"https:\/\/www.askurochembla.ax\/index.php?rest_route=\/wp\/v2\/media\/1289"}],"wp:attachment":[{"href":"https:\/\/www.askurochembla.ax\/index.php?rest_route=%2Fwp%2Fv2%2Fmedia&parent=633"}],"wp:term":[{"taxonomy":"product_brand","embeddable":true,"href":"https:\/\/www.askurochembla.ax\/index.php?rest_route=%2Fwp%2Fv2%2Fproduct_brand&post=633"},{"taxonomy":"product_cat","embeddable":true,"href":"https:\/\/www.askurochembla.ax\/index.php?rest_route=%2Fwp%2Fv2%2Fproduct_cat&post=633"},{"taxonomy":"product_tag","embeddable":true,"href":"https:\/\/www.askurochembla.ax\/index.php?rest_route=%2Fwp%2Fv2%2Fproduct_tag&post=633"}],"curies":[{"name":"wp","href":"https:\/\/api.w.org\/{rel}","templated":true}]}}