{"id":636,"date":"2013-11-22T12:49:33","date_gmt":"2013-11-22T12:49:33","guid":{"rendered":"https:\/\/www.askurochembla.ax\/?post_type=product&#038;p=636"},"modified":"2023-09-15T06:30:50","modified_gmt":"2023-09-15T06:30:50","slug":"kudde-naturgummiflingor-bomullsstoppat-overdrag","status":"publish","type":"product","link":"https:\/\/www.askurochembla.ax\/?product=kudde-naturgummiflingor-bomullsstoppat-overdrag","title":{"rendered":"Kudde med naturgummiflingor och bomullsstoppat \u00f6verdrag"},"content":{"rendered":"","protected":false},"excerpt":{"rendered":"<p>En h\u00e4rligt fluffig kudde med bra st\u00f6d, som \u00e4r fylld med flingor av naturgummi. Den \u00e4r elastisk och anpassar sig l\u00e4tt till dina r\u00f6relser. \u00d6verdraget av bomull \u00e4r formstabilt, tv\u00e4ttbart och stoppat med bomull.<\/p>\n<p>Certifierad ekologisk bomull av GOTS. Naturgummi fr\u00e5n gummitr\u00e4d ekologiskt certifierad av QUL och f\u00f6r arbetsf\u00f6rh\u00e5llanden av FairDeal Trading. Produktionen \u00e4r certifierad av IVN. Alla produkter testas regelm\u00e4ssigt f\u00f6r inneh\u00e5ll av skadliga \u00e4mnen av ECO-institutet i Tyskland.<\/p>\n<p><b>\u00d6verdrag med blixtl\u00e5s:<\/b><br \/>\n100% ekologisk bomull (kbA), stoppat med 100% ekologisk bomull (kbA), tv\u00e4ttbart<\/p>\n<p><b>Stoppning:<\/b><br \/>\n100% flingor av naturgummi<\/p>\n","protected":false},"featured_media":1294,"comment_status":"open","ping_status":"closed","template":"","meta":[],"product_brand":[],"product_cat":[93],"product_tag":[],"class_list":{"0":"post-636","1":"product","2":"type-product","3":"status-publish","4":"has-post-thumbnail","6":"product_cat-kuddar-med-naturgummi","7":"product_shipping_class-fast-pris-kuddar-barnsovrumsprodukter","8":"pa_k1-40x60-cm-b-x-l","9":"pa_k1-40x80-cm-b-x-l","11":"first","12":"onbackorder","13":"taxable","14":"shipping-taxable","15":"purchasable","16":"product-type-variable","17":"has-default-attributes"},"_links":{"self":[{"href":"https:\/\/www.askurochembla.ax\/index.php?rest_route=\/wp\/v2\/product\/636","targetHints":{"allow":["GET"]}}],"collection":[{"href":"https:\/\/www.askurochembla.ax\/index.php?rest_route=\/wp\/v2\/product"}],"about":[{"href":"https:\/\/www.askurochembla.ax\/index.php?rest_route=\/wp\/v2\/types\/product"}],"replies":[{"embeddable":true,"href":"https:\/\/www.askurochembla.ax\/index.php?rest_route=%2Fwp%2Fv2%2Fcomments&post=636"}],"wp:featuredmedia":[{"embeddable":true,"href":"https:\/\/www.askurochembla.ax\/index.php?rest_route=\/wp\/v2\/media\/1294"}],"wp:attachment":[{"href":"https:\/\/www.askurochembla.ax\/index.php?rest_route=%2Fwp%2Fv2%2Fmedia&parent=636"}],"wp:term":[{"taxonomy":"product_brand","embeddable":true,"href":"https:\/\/www.askurochembla.ax\/index.php?rest_route=%2Fwp%2Fv2%2Fproduct_brand&post=636"},{"taxonomy":"product_cat","embeddable":true,"href":"https:\/\/www.askurochembla.ax\/index.php?rest_route=%2Fwp%2Fv2%2Fproduct_cat&post=636"},{"taxonomy":"product_tag","embeddable":true,"href":"https:\/\/www.askurochembla.ax\/index.php?rest_route=%2Fwp%2Fv2%2Fproduct_tag&post=636"}],"curies":[{"name":"wp","href":"https:\/\/api.w.org\/{rel}","templated":true}]}}