{"id":640,"date":"2013-11-22T12:51:14","date_gmt":"2013-11-22T12:51:14","guid":{"rendered":"https:\/\/www.askurochembla.ax\/?post_type=product&#038;p=640"},"modified":"2023-10-20T11:54:34","modified_gmt":"2023-10-20T11:54:34","slug":"kudde-naturgummiflingor-perkal","status":"publish","type":"product","link":"https:\/\/www.askurochembla.ax\/?product=kudde-naturgummiflingor-perkal","title":{"rendered":"Kudde med naturgummiflingor"},"content":{"rendered":"","protected":false},"excerpt":{"rendered":"<p>L\u00e4tt, fluffig och flexibel. Den h\u00e4r kudden \u00e4r fylld med flingor av naturgummi och \u00e4r sp\u00e4nstig och f\u00f6ljsam. Fyllningen ger ett perfekt st\u00f6d f\u00f6r huvud och nacke i alla sovst\u00e4llningar och m\u00e4ngden fyllning kan varieras f\u00f6r att passa just dina behov.<\/p>\n<p>Certifierad ekologisk bomull av GOTS. Naturgummi fr\u00e5n gummitr\u00e4d ekologiskt certifierad av QUL och f\u00f6r arbetsf\u00f6rh\u00e5llanden av FairDeal Trading. Produktionen \u00e4r certifierad av IVN. Alla produkter testas regelm\u00e4ssigt f\u00f6r inneh\u00e5ll av skadliga \u00e4mnen av ECO-institutet i Tyskland.<\/p>\n<p><b>Stoppning:<\/b><br \/>\nFlingor av 100% naturgummi (Latex)<\/p>\n<p><b>\u00d6verdrag:<\/b><br \/>\nEnkelt av ekologisk bomullssatin<\/p>\n","protected":false},"featured_media":1295,"comment_status":"open","ping_status":"closed","template":"","meta":[],"product_brand":[],"product_cat":[93],"product_tag":[],"class_list":{"0":"post-640","1":"product","2":"type-product","3":"status-publish","4":"has-post-thumbnail","6":"product_cat-kuddar-med-naturgummi","7":"product_shipping_class-fast-pris-kuddar-barnsovrumsprodukter","8":"pa_k1-40x60-cm-b-x-l","9":"pa_k1-40x80-cm-b-x-l","10":"pa_k1-60x50-cm-b-x-l","12":"first","13":"onbackorder","14":"taxable","15":"shipping-taxable","16":"purchasable","17":"product-type-variable","18":"has-default-attributes"},"_links":{"self":[{"href":"https:\/\/www.askurochembla.ax\/index.php?rest_route=\/wp\/v2\/product\/640","targetHints":{"allow":["GET"]}}],"collection":[{"href":"https:\/\/www.askurochembla.ax\/index.php?rest_route=\/wp\/v2\/product"}],"about":[{"href":"https:\/\/www.askurochembla.ax\/index.php?rest_route=\/wp\/v2\/types\/product"}],"replies":[{"embeddable":true,"href":"https:\/\/www.askurochembla.ax\/index.php?rest_route=%2Fwp%2Fv2%2Fcomments&post=640"}],"wp:featuredmedia":[{"embeddable":true,"href":"https:\/\/www.askurochembla.ax\/index.php?rest_route=\/wp\/v2\/media\/1295"}],"wp:attachment":[{"href":"https:\/\/www.askurochembla.ax\/index.php?rest_route=%2Fwp%2Fv2%2Fmedia&parent=640"}],"wp:term":[{"taxonomy":"product_brand","embeddable":true,"href":"https:\/\/www.askurochembla.ax\/index.php?rest_route=%2Fwp%2Fv2%2Fproduct_brand&post=640"},{"taxonomy":"product_cat","embeddable":true,"href":"https:\/\/www.askurochembla.ax\/index.php?rest_route=%2Fwp%2Fv2%2Fproduct_cat&post=640"},{"taxonomy":"product_tag","embeddable":true,"href":"https:\/\/www.askurochembla.ax\/index.php?rest_route=%2Fwp%2Fv2%2Fproduct_tag&post=640"}],"curies":[{"name":"wp","href":"https:\/\/api.w.org\/{rel}","templated":true}]}}