{"id":670,"date":"2013-11-22T13:54:35","date_gmt":"2013-11-22T13:54:35","guid":{"rendered":"https:\/\/www.askurochembla.ax\/?post_type=product&#038;p=670"},"modified":"2023-09-15T06:30:06","modified_gmt":"2023-09-15T06:30:06","slug":"ribbotten-ergoflex-standard","status":"publish","type":"product","link":"https:\/\/www.askurochembla.ax\/?product=ribbotten-ergoflex-standard","title":{"rendered":"Ribbotten, Ergoflex, ej st\u00e4llbar"},"content":{"rendered":"","protected":false},"excerpt":{"rendered":"<p>Ergoflex Standard \u00e4r en ribbotten med m\u00f6jlighet till fininst\u00e4llning f\u00f6r en riktigt god s\u00f6mn. Ribborna i Ergoflex sitter i gummif\u00e4sten som kan flyttas och anpassas till kroppen hos den person som ska ligga i s\u00e4ngen. Ergo-f\u00f6rst\u00e4rkning \u00e4r v\u00e5r ben\u00e4mning p\u00e5 m\u00f6jligheten att fininst\u00e4lla ribbornas fj\u00e4dring i omr\u00e5det under ryggraden med hj\u00e4lp av sex dubbelf\u00e4sten. Ram av massiv bok fr\u00e5n certifierade skogsbruk och ribbor av limmad bok. I standardutf\u00f6randet \u00e4r ramh\u00f6jden ca. 6cm.<\/p>\n","protected":false},"featured_media":2855,"comment_status":"open","ping_status":"closed","template":"","meta":[],"product_brand":[],"product_cat":[98],"product_tag":[],"class_list":{"0":"post-670","1":"product","2":"type-product","3":"status-publish","4":"has-post-thumbnail","6":"product_cat-stallbar-ribbotten","7":"product_shipping_class-fastpris","8":"pa_t1-80x200cm","9":"pa_t1-90x200cm","10":"pa_t1-100x200cm","11":"pa_t1-140x200cm","12":"pa_t1-160x200cm","14":"first","15":"onbackorder","16":"taxable","17":"shipping-taxable","18":"purchasable","19":"product-type-variable","20":"has-default-attributes"},"_links":{"self":[{"href":"https:\/\/www.askurochembla.ax\/index.php?rest_route=\/wp\/v2\/product\/670","targetHints":{"allow":["GET"]}}],"collection":[{"href":"https:\/\/www.askurochembla.ax\/index.php?rest_route=\/wp\/v2\/product"}],"about":[{"href":"https:\/\/www.askurochembla.ax\/index.php?rest_route=\/wp\/v2\/types\/product"}],"replies":[{"embeddable":true,"href":"https:\/\/www.askurochembla.ax\/index.php?rest_route=%2Fwp%2Fv2%2Fcomments&post=670"}],"wp:featuredmedia":[{"embeddable":true,"href":"https:\/\/www.askurochembla.ax\/index.php?rest_route=\/wp\/v2\/media\/2855"}],"wp:attachment":[{"href":"https:\/\/www.askurochembla.ax\/index.php?rest_route=%2Fwp%2Fv2%2Fmedia&parent=670"}],"wp:term":[{"taxonomy":"product_brand","embeddable":true,"href":"https:\/\/www.askurochembla.ax\/index.php?rest_route=%2Fwp%2Fv2%2Fproduct_brand&post=670"},{"taxonomy":"product_cat","embeddable":true,"href":"https:\/\/www.askurochembla.ax\/index.php?rest_route=%2Fwp%2Fv2%2Fproduct_cat&post=670"},{"taxonomy":"product_tag","embeddable":true,"href":"https:\/\/www.askurochembla.ax\/index.php?rest_route=%2Fwp%2Fv2%2Fproduct_tag&post=670"}],"curies":[{"name":"wp","href":"https:\/\/api.w.org\/{rel}","templated":true}]}}