{"id":688,"date":"2013-11-22T14:02:46","date_gmt":"2013-11-22T14:02:46","guid":{"rendered":"https:\/\/www.askurochembla.ax\/?post_type=product&#038;p=688"},"modified":"2023-09-15T06:29:15","modified_gmt":"2023-09-15T06:29:15","slug":"rullbar-ribbotten","status":"publish","type":"product","link":"https:\/\/www.askurochembla.ax\/?product=rullbar-ribbotten","title":{"rendered":"Rullbar ribbotten"},"content":{"rendered":"","protected":false},"excerpt":{"rendered":"<p>En ribbotten som du enkelt kan rulla ut. Den ger dig en v\u00e4l ventilerad och sk\u00f6n b\u00e4dd. Ribborna \u00e4r tillverkade av massiv obehandlad ask och \u00e4r sammanbundna med starka bomullsband. Tr\u00e4materialet kommer fr\u00e5n producenter med certifierat gott skogsbruk.<\/p>\n<p>Utan ram. Ribborna \u00e4r sammanbundna med varandra.<\/p>\n","protected":false},"featured_media":1236,"comment_status":"open","ping_status":"closed","template":"","meta":[],"product_brand":[],"product_cat":[100],"product_tag":[],"class_list":{"0":"post-688","1":"product","2":"type-product","3":"status-publish","4":"has-post-thumbnail","6":"product_cat-rullbar-ribbotten","7":"product_shipping_class-fastpris","8":"pa_t1-70x140cm-b-x-l","9":"pa_t1-80x200cm","10":"pa_t1-90x200cm","11":"pa_t1-100x200cm","12":"pa_t1-120x200-cm-b-x-l","13":"pa_t1-140x200cm","14":"pa_t1-160x200cm","16":"first","17":"onbackorder","18":"taxable","19":"shipping-taxable","20":"purchasable","21":"product-type-variable","22":"has-default-attributes"},"_links":{"self":[{"href":"https:\/\/www.askurochembla.ax\/index.php?rest_route=\/wp\/v2\/product\/688","targetHints":{"allow":["GET"]}}],"collection":[{"href":"https:\/\/www.askurochembla.ax\/index.php?rest_route=\/wp\/v2\/product"}],"about":[{"href":"https:\/\/www.askurochembla.ax\/index.php?rest_route=\/wp\/v2\/types\/product"}],"replies":[{"embeddable":true,"href":"https:\/\/www.askurochembla.ax\/index.php?rest_route=%2Fwp%2Fv2%2Fcomments&post=688"}],"wp:featuredmedia":[{"embeddable":true,"href":"https:\/\/www.askurochembla.ax\/index.php?rest_route=\/wp\/v2\/media\/1236"}],"wp:attachment":[{"href":"https:\/\/www.askurochembla.ax\/index.php?rest_route=%2Fwp%2Fv2%2Fmedia&parent=688"}],"wp:term":[{"taxonomy":"product_brand","embeddable":true,"href":"https:\/\/www.askurochembla.ax\/index.php?rest_route=%2Fwp%2Fv2%2Fproduct_brand&post=688"},{"taxonomy":"product_cat","embeddable":true,"href":"https:\/\/www.askurochembla.ax\/index.php?rest_route=%2Fwp%2Fv2%2Fproduct_cat&post=688"},{"taxonomy":"product_tag","embeddable":true,"href":"https:\/\/www.askurochembla.ax\/index.php?rest_route=%2Fwp%2Fv2%2Fproduct_tag&post=688"}],"curies":[{"name":"wp","href":"https:\/\/api.w.org\/{rel}","templated":true}]}}