{"id":698,"date":"2013-11-26T08:08:23","date_gmt":"2013-11-26T08:08:23","guid":{"rendered":"https:\/\/www.askurochembla.ax\/?post_type=product&#038;p=698"},"modified":"2023-08-25T07:12:22","modified_gmt":"2023-08-25T07:12:22","slug":"barnmadrass-kati-plus","status":"publish","type":"product","link":"https:\/\/www.askurochembla.ax\/?product=barnmadrass-kati-plus","title":{"rendered":"Barnmadrass, Kati Plus"},"content":{"rendered":"","protected":false},"excerpt":{"rendered":"<p>Den ekologiska barn-\/babymadrassen Kati har tv\u00e5 sidor. Den ena best\u00e5r av 3 cm punktelastisk naturgummi (latex) f\u00f6r medelfast sovkomfort och p\u00e5 den andra bildar elastisk fj\u00e4dring av 2,5 cm kokosgummi ett fast underlag f\u00f6r en god s\u00f6mn. Du v\u00e4ljer vilken sida som ska vara upp\u00e5t under uppv\u00e4xten. Madrassen \u00e4r kl\u00e4dd med fleece av 100% ekologisk lammull. \u00d6verdraget av ekologisk dubbelv\u00e4vd ekologisk bomullsjersey (kbA) \u00e4r f\u00f6rsett med en dragkedja och \u00e4r tv\u00e4ttbart.<\/p>\n<p>Certifierad ekologisk bomull av GOTS. Lammull fr\u00e5n garanterat god djurh\u00e5llning, kbT. Naturgummi fr\u00e5n gummitr\u00e4d ekologiskt certifierad av QUL och f\u00f6r arbetsf\u00f6rh\u00e5llanden av FairDeal Trading. Produktionen \u00e4r certifierad av IVN. Alla produkter testas regelm\u00e4ssigt f\u00f6r inneh\u00e5ll av skadliga \u00e4mnen av ECO-institutet i Tyskland.<\/p>\n<p><b>Fasthet:<\/b><br \/>\nMedel och fast beroende av sida<\/p>\n<p><b>K\u00e4rna:<\/b><br \/>\n3 cm naturgummi (latex) och 2,5 cm kokosgummi. Runtom finns 500 g\/m\u00b2 fleece av 100 % ekologisk lammull (kbT)<\/p>\n<p><b>Sammanlagd h\u00f6jd:<\/b><br \/>\nca 6 cm<\/p>\n<p><b>\u00d6verdrag:<\/b><br \/>\nDubbelv\u00e4vd jersey av 100% ekologisk bomull (kbA). Maskintv\u00e4ttbart.<\/p>\n<p><strong>Leveranstiden \u00e4r normalt mellan 6 och 8 veckor.<\/strong><\/p>\n","protected":false},"featured_media":1306,"comment_status":"open","ping_status":"closed","template":"","meta":[],"product_brand":[],"product_cat":[102],"product_tag":[],"class_list":{"0":"post-698","1":"product","2":"type-product","3":"status-publish","4":"has-post-thumbnail","6":"product_cat-barnmadrasser","7":"pa_b1-60x120x6-cm-b-x-l-x-h","8":"pa_b1-70x140x6-cm-b-x-l-x-h","10":"first","11":"outofstock","12":"taxable","13":"shipping-taxable","14":"purchasable","15":"product-type-variable","16":"has-default-attributes"},"_links":{"self":[{"href":"https:\/\/www.askurochembla.ax\/index.php?rest_route=\/wp\/v2\/product\/698","targetHints":{"allow":["GET"]}}],"collection":[{"href":"https:\/\/www.askurochembla.ax\/index.php?rest_route=\/wp\/v2\/product"}],"about":[{"href":"https:\/\/www.askurochembla.ax\/index.php?rest_route=\/wp\/v2\/types\/product"}],"replies":[{"embeddable":true,"href":"https:\/\/www.askurochembla.ax\/index.php?rest_route=%2Fwp%2Fv2%2Fcomments&post=698"}],"wp:featuredmedia":[{"embeddable":true,"href":"https:\/\/www.askurochembla.ax\/index.php?rest_route=\/wp\/v2\/media\/1306"}],"wp:attachment":[{"href":"https:\/\/www.askurochembla.ax\/index.php?rest_route=%2Fwp%2Fv2%2Fmedia&parent=698"}],"wp:term":[{"taxonomy":"product_brand","embeddable":true,"href":"https:\/\/www.askurochembla.ax\/index.php?rest_route=%2Fwp%2Fv2%2Fproduct_brand&post=698"},{"taxonomy":"product_cat","embeddable":true,"href":"https:\/\/www.askurochembla.ax\/index.php?rest_route=%2Fwp%2Fv2%2Fproduct_cat&post=698"},{"taxonomy":"product_tag","embeddable":true,"href":"https:\/\/www.askurochembla.ax\/index.php?rest_route=%2Fwp%2Fv2%2Fproduct_tag&post=698"}],"curies":[{"name":"wp","href":"https:\/\/api.w.org\/{rel}","templated":true}]}}