{"id":706,"date":"2013-11-26T08:14:20","date_gmt":"2013-11-26T08:14:20","guid":{"rendered":"https:\/\/www.askurochembla.ax\/?post_type=product&#038;p=706"},"modified":"2023-09-15T06:58:56","modified_gmt":"2023-09-15T06:58:56","slug":"barnmadrass-lara-plus-bomull","status":"publish","type":"product","link":"https:\/\/www.askurochembla.ax\/?product=barnmadrass-lara-plus-bomull","title":{"rendered":"Barnmadrass, Lara Plus Bomull"},"content":{"rendered":"","protected":false},"excerpt":{"rendered":"<p>Den ekologiska barn-\/babymadrassen Lara Plus Bomull har tv\u00e5 sidor. P\u00e5 den ena finns 3 cm punktelastisk naturgummi (latex) f\u00f6r medelfast sovkomfort, p\u00e5 den andra bildar elastisk fj\u00e4dring av 2,5 cm kokosgummi ett fast underlag f\u00f6r en god s\u00f6mn. Du v\u00e4ljer vilken sida som ska vara upp\u00e5t i olika faser under uppv\u00e4xten. Madrassen \u00e4r kl\u00e4dd med fleece av 100% ekologisk bomull. \u00d6verdraget av ekologisk bomullsdr\u00e4ll (kbA) \u00e4r f\u00f6rsett med en dragkedja och \u00e4r tv\u00e4ttbart.<\/p>\n<p>Certifierad ekologisk bomull av GOTS. Naturgummi fr\u00e5n gummitr\u00e4d ekologiskt certifierad av QUL och f\u00f6r arbetsf\u00f6rh\u00e5llanden av FairDeal Trading. Produktionen \u00e4r certifierad av IVN. Alla produkter testas regelm\u00e4ssigt f\u00f6r inneh\u00e5ll av skadliga \u00e4mnen av ECO-institutet i Tyskland.<\/p>\n<p><b>Fasthet:<\/b><br \/>\nMedel och fast beroende av sida.<\/p>\n<p><b>K\u00e4rna:<\/b><br \/>\n3 cm naturgummi (latex), 2,5 cm naturgummi (latex) och kokos. Runtom finns fleece av 1000 g\/m\u00b2 ekologisk bomull (kbA)<br \/>\nAvtagbart \u00f6verdrag av dr\u00e4ll av 100% ekologisk bomull (kbA)<\/p>\n<p><b>Sammanlagd h\u00f6jd:<\/b><br \/>\nca 8 cm<\/p>\n<p><b>\u00d6verdrag:<\/b><br \/>\nDr\u00e4ll av 100% ekologisk bomull (kbA). Maskintv\u00e4ttbart.<\/p>\n<p><strong>Leveranstiden \u00e4r normalt mellan 6 och 8 veckor.<\/strong><\/p>\n","protected":false},"featured_media":1311,"comment_status":"open","ping_status":"closed","template":"","meta":[],"product_brand":[],"product_cat":[102],"product_tag":[],"class_list":{"0":"post-706","1":"product","2":"type-product","3":"status-publish","4":"has-post-thumbnail","6":"product_cat-barnmadrasser","7":"product_shipping_class-fast-pris-kuddar-barnsovrumsprodukter","8":"pa_b1-60x120x8cm-b-x-l-x-h","9":"pa_b1-70x140x8-cm-b-x-l-x-h","11":"first","12":"onbackorder","13":"taxable","14":"shipping-taxable","15":"purchasable","16":"product-type-variable","17":"has-default-attributes"},"_links":{"self":[{"href":"https:\/\/www.askurochembla.ax\/index.php?rest_route=\/wp\/v2\/product\/706","targetHints":{"allow":["GET"]}}],"collection":[{"href":"https:\/\/www.askurochembla.ax\/index.php?rest_route=\/wp\/v2\/product"}],"about":[{"href":"https:\/\/www.askurochembla.ax\/index.php?rest_route=\/wp\/v2\/types\/product"}],"replies":[{"embeddable":true,"href":"https:\/\/www.askurochembla.ax\/index.php?rest_route=%2Fwp%2Fv2%2Fcomments&post=706"}],"wp:featuredmedia":[{"embeddable":true,"href":"https:\/\/www.askurochembla.ax\/index.php?rest_route=\/wp\/v2\/media\/1311"}],"wp:attachment":[{"href":"https:\/\/www.askurochembla.ax\/index.php?rest_route=%2Fwp%2Fv2%2Fmedia&parent=706"}],"wp:term":[{"taxonomy":"product_brand","embeddable":true,"href":"https:\/\/www.askurochembla.ax\/index.php?rest_route=%2Fwp%2Fv2%2Fproduct_brand&post=706"},{"taxonomy":"product_cat","embeddable":true,"href":"https:\/\/www.askurochembla.ax\/index.php?rest_route=%2Fwp%2Fv2%2Fproduct_cat&post=706"},{"taxonomy":"product_tag","embeddable":true,"href":"https:\/\/www.askurochembla.ax\/index.php?rest_route=%2Fwp%2Fv2%2Fproduct_tag&post=706"}],"curies":[{"name":"wp","href":"https:\/\/api.w.org\/{rel}","templated":true}]}}