{"id":714,"date":"2013-11-26T08:18:52","date_gmt":"2013-11-26T08:18:52","guid":{"rendered":"https:\/\/www.askurochembla.ax\/?post_type=product&#038;p=714"},"modified":"2023-09-15T06:58:37","modified_gmt":"2023-09-15T06:58:37","slug":"barnmadrass-ronja-plus-bomull","status":"publish","type":"product","link":"https:\/\/www.askurochembla.ax\/?product=barnmadrass-ronja-plus-bomull","title":{"rendered":"Barnmadrass, Ronja Plus Bomull"},"content":{"rendered":"","protected":false},"excerpt":{"rendered":"<p>Ekologisk barn-\/babymadrass helt utan djurh\u00e5r s\u00e5 att den \u00e4ven passar allergiker. Den stabila madrassk\u00e4rnan \u00e4r av 6 cm tjock kokosgummi omgiven av vadd av ekologisk bomull. Madrass\u00f6verdraget av ekologisk bomull (kbA) har dragkedja p\u00e5 tre sidor och kan tas av f\u00f6r tv\u00e4tt.<\/p>\n<p>Certifierad ekologisk bomull av GOTS. Naturgummi fr\u00e5n gummitr\u00e4d ekologiskt certifierad av QUL och f\u00f6r arbetsf\u00f6rh\u00e5llanden av FairDeal Trading. Produktionen \u00e4r certifierad av IVN. Alla produkter testas regelm\u00e4ssigt f\u00f6r inneh\u00e5ll av skadliga \u00e4mnen av ECO-institutet i Tyskland.<\/p>\n<p><b>Fasthet:<\/b><br \/>\nMedel<\/p>\n<p><b>K\u00e4rna:<\/b><br \/>\n6 cm naturgummi\/kokosmatta kl\u00e4dd med fleece av 1000 g\/m\u00b2 ekologisk bomull (kbA)<\/p>\n<p><b>\u00d6verdrag:<\/b><br \/>\nDr\u00e4ll av 100% ekologisk bomull (kbA). Maskintv\u00e4ttbart.<\/p>\n<p><b>Sammanlagd h\u00f6jd:<\/b><br \/>\nca 8 cm<\/p>\n<p><b>Storlek:<\/b><br \/>\n70&#215;140 cm<\/p>\n<p><strong>Leveranstiden \u00e4r normalt mellan 6 och 8 veckor.<\/strong><\/p>\n","protected":false},"featured_media":1309,"comment_status":"open","ping_status":"closed","template":"","meta":[],"product_brand":[],"product_cat":[102],"product_tag":[],"class_list":{"0":"post-714","1":"product","2":"type-product","3":"status-publish","4":"has-post-thumbnail","6":"product_cat-barnmadrasser","7":"product_shipping_class-fast-pris-kuddar-barnsovrumsprodukter","8":"pa_b1-60x120x8cm-b-x-l-x-h","9":"pa_b1-70x140x8-cm-b-x-l-x-h","11":"first","12":"onbackorder","13":"taxable","14":"shipping-taxable","15":"purchasable","16":"product-type-variable","17":"has-default-attributes"},"_links":{"self":[{"href":"https:\/\/www.askurochembla.ax\/index.php?rest_route=\/wp\/v2\/product\/714","targetHints":{"allow":["GET"]}}],"collection":[{"href":"https:\/\/www.askurochembla.ax\/index.php?rest_route=\/wp\/v2\/product"}],"about":[{"href":"https:\/\/www.askurochembla.ax\/index.php?rest_route=\/wp\/v2\/types\/product"}],"replies":[{"embeddable":true,"href":"https:\/\/www.askurochembla.ax\/index.php?rest_route=%2Fwp%2Fv2%2Fcomments&post=714"}],"wp:featuredmedia":[{"embeddable":true,"href":"https:\/\/www.askurochembla.ax\/index.php?rest_route=\/wp\/v2\/media\/1309"}],"wp:attachment":[{"href":"https:\/\/www.askurochembla.ax\/index.php?rest_route=%2Fwp%2Fv2%2Fmedia&parent=714"}],"wp:term":[{"taxonomy":"product_brand","embeddable":true,"href":"https:\/\/www.askurochembla.ax\/index.php?rest_route=%2Fwp%2Fv2%2Fproduct_brand&post=714"},{"taxonomy":"product_cat","embeddable":true,"href":"https:\/\/www.askurochembla.ax\/index.php?rest_route=%2Fwp%2Fv2%2Fproduct_cat&post=714"},{"taxonomy":"product_tag","embeddable":true,"href":"https:\/\/www.askurochembla.ax\/index.php?rest_route=%2Fwp%2Fv2%2Fproduct_tag&post=714"}],"curies":[{"name":"wp","href":"https:\/\/api.w.org\/{rel}","templated":true}]}}