{"id":717,"date":"2013-11-26T08:24:51","date_gmt":"2013-11-26T08:24:51","guid":{"rendered":"https:\/\/www.askurochembla.ax\/?post_type=product&#038;p=717"},"modified":"2023-09-15T06:58:29","modified_gmt":"2023-09-15T06:58:29","slug":"barnvagnsmadrass-lars","status":"publish","type":"product","link":"https:\/\/www.askurochembla.ax\/?product=barnvagnsmadrass-lars","title":{"rendered":"Barnvagnsmadrass, Lars"},"content":{"rendered":"","protected":false},"excerpt":{"rendered":"<p>Madrassen Lars ger ett h\u00e4rligt sovklimat f\u00f6r de allra minsta i vagnen. En tunn ekologisk madrass f\u00f6r babys\u00e4ngen, vaggan eller barnvagnen. Madrassens k\u00e4rna best\u00e5r av l\u00e4tt fj\u00e4drande kokosgummi.Avtagbart quiltat \u00f6verdrag av ren ekologisk bomullsdr\u00e4ll (kbA) som stoppats med mjuk ekologisk lammull.<\/p>\n<p>Certifierad ekologisk bomull av GOTS. Lammull fr\u00e5n garanterat god djurh\u00e5llning, kbT. Naturgummi fr\u00e5n gummitr\u00e4d ekologiskt certifierad av QUL och f\u00f6r arbetsf\u00f6rh\u00e5llanden av FairDeal Trading. Produktionen \u00e4r certifierad av IVN. Alla produkter testas regelm\u00e4ssigt f\u00f6r inneh\u00e5ll av skadliga \u00e4mnen av ECO-institutet i Tyskland.<\/p>\n<p><b>Fasthet:<\/b><br \/>\nMedel<\/p>\n<p><b>Madrassuppbyggnad:<\/b><br \/>\n2,5 cm matta av naturgummi\/kokosfiber<\/p>\n<p><b>H\u00f6jd:<\/b><br \/>\nca. 3,5 cm<\/p>\n<p><b>\u00d6verdrag:<\/b><br \/>\n100% ekologisk bomull (kbA) stoppad med 100% ekologisk lammull (kbT). Har dragkedja och kan tas av f\u00f6r mild handtv\u00e4tt utan centrifugering eller torktumling!<\/p>\n<p><strong>Leveranstiden \u00e4r normalt mellan 6 och 8 veckor.<\/strong><\/p>\n","protected":false},"featured_media":1308,"comment_status":"open","ping_status":"closed","template":"","meta":[],"product_brand":[],"product_cat":[102],"product_tag":[],"class_list":{"0":"post-717","1":"product","2":"type-product","3":"status-publish","4":"has-post-thumbnail","6":"product_cat-barnmadrasser","7":"product_shipping_class-fast-pris-kuddar-barnsovrumsprodukter","8":"pa_b2-35x75-cm-b-x-l","9":"pa_b2-40x90-cm-b-x-l","10":"pa_b2-70x110-cm-b-x-l","11":"pa_b2-mattbestalls-oval-per-kvm","12":"pa_b2-mattbestalls-raka-horn-per-kvm","14":"first","15":"onbackorder","16":"taxable","17":"shipping-taxable","18":"purchasable","19":"product-type-variable","20":"has-default-attributes"},"_links":{"self":[{"href":"https:\/\/www.askurochembla.ax\/index.php?rest_route=\/wp\/v2\/product\/717","targetHints":{"allow":["GET"]}}],"collection":[{"href":"https:\/\/www.askurochembla.ax\/index.php?rest_route=\/wp\/v2\/product"}],"about":[{"href":"https:\/\/www.askurochembla.ax\/index.php?rest_route=\/wp\/v2\/types\/product"}],"replies":[{"embeddable":true,"href":"https:\/\/www.askurochembla.ax\/index.php?rest_route=%2Fwp%2Fv2%2Fcomments&post=717"}],"wp:featuredmedia":[{"embeddable":true,"href":"https:\/\/www.askurochembla.ax\/index.php?rest_route=\/wp\/v2\/media\/1308"}],"wp:attachment":[{"href":"https:\/\/www.askurochembla.ax\/index.php?rest_route=%2Fwp%2Fv2%2Fmedia&parent=717"}],"wp:term":[{"taxonomy":"product_brand","embeddable":true,"href":"https:\/\/www.askurochembla.ax\/index.php?rest_route=%2Fwp%2Fv2%2Fproduct_brand&post=717"},{"taxonomy":"product_cat","embeddable":true,"href":"https:\/\/www.askurochembla.ax\/index.php?rest_route=%2Fwp%2Fv2%2Fproduct_cat&post=717"},{"taxonomy":"product_tag","embeddable":true,"href":"https:\/\/www.askurochembla.ax\/index.php?rest_route=%2Fwp%2Fv2%2Fproduct_tag&post=717"}],"curies":[{"name":"wp","href":"https:\/\/api.w.org\/{rel}","templated":true}]}}