{"id":725,"date":"2013-11-26T12:14:35","date_gmt":"2013-11-26T12:14:35","guid":{"rendered":"https:\/\/www.askurochembla.ax\/?post_type=product&#038;p=725"},"modified":"2023-09-15T06:56:28","modified_gmt":"2023-09-15T06:56:28","slug":"ungdomsmadrass-nele-plus-bomull","status":"publish","type":"product","link":"https:\/\/www.askurochembla.ax\/?product=ungdomsmadrass-nele-plus-bomull","title":{"rendered":"Ungdomsmadrass, Nele Plus Bomull"},"content":{"rendered":"","protected":false},"excerpt":{"rendered":"<p>Den h\u00e4r barn-\/ungdomsmadrassen har tv\u00e5 sidor. P\u00e5 den ena finns punktelastisk naturgummi (latex) f\u00f6r medelfast sovkomfort, p\u00e5 den andra bildar elastisk fj\u00e4dring av kokosgummi ett fast underlag f\u00f6r en god s\u00f6mn. Ditt barn kan v\u00e4lja vilken sida som k\u00e4nns b\u00e4st i olika faser under uppv\u00e4xten. Madrassen \u00e4r kl\u00e4dd med fleece av 100% ekologisk bomull. \u00d6verdraget av ekologisk bomullsdr\u00e4ll (kbA) \u00e4r f\u00f6rsett med en dragkedja och \u00e4r tv\u00e4ttbart.<\/p>\n<p>Certifierad ekologisk bomull av GOTS. Naturgummi fr\u00e5n gummitr\u00e4d ekologiskt certifierad av QUL och f\u00f6r arbetsf\u00f6rh\u00e5llanden av FairDeal Trading. Produktionen \u00e4r certifierad av IVN. Alla produkter testas regelm\u00e4ssigt f\u00f6r inneh\u00e5ll av skadliga \u00e4mnen av ECO-institutet i Tyskland.<\/p>\n<p>Du kan f\u00e5 madrassen i en annan storlek, t ex 70&#215;160 cm, till samma pris som 80&#215;200 cm. Ange ditt \u00f6nskem\u00e5l i best\u00e4llningen!<\/p>\n<p><b>Fasthet:<\/b><br \/>\nMedel och fast beroende av sida<\/p>\n<p><b>K\u00e4rna:<\/b><br \/>\n4 cm naturgummi (latex), 5 cm naturgummi (latex) och kokos. Runtom finns fleece av 1000 g\/m\u00b2 ekologisk bomull (kbA)<\/p>\n<p><b>\u00d6verdrag:<\/b><br \/>\nDr\u00e4ll av 100% ekologisk bomull (kbA) med blixtl\u00e5s<\/p>\n<p><b>Sammanlagd h\u00f6jd:<\/b><br \/>\nca. 10 cm<\/p>\n<p><strong>Leveranstiden \u00e4r normalt mellan 6 och 8 veckor.<\/strong><\/p>\n","protected":false},"featured_media":1307,"comment_status":"open","ping_status":"closed","template":"","meta":[],"product_brand":[],"product_cat":[102],"product_tag":[],"class_list":{"0":"post-725","1":"product","2":"type-product","3":"status-publish","4":"has-post-thumbnail","6":"product_cat-barnmadrasser","7":"product_shipping_class-fast-pris-kuddar-barnsovrumsprodukter","8":"pa_b3-10x80x200-cm-h-x-b-x-l","9":"pa_b3-10x90x200-cm-h-x-b-x-l","10":"pa_b3-10x100x200-cm-h-x-b-x-l","11":"pa_b3-10x140x200-cm-h-x-b-x-l","13":"first","14":"onbackorder","15":"taxable","16":"shipping-taxable","17":"purchasable","18":"product-type-variable","19":"has-default-attributes"},"_links":{"self":[{"href":"https:\/\/www.askurochembla.ax\/index.php?rest_route=\/wp\/v2\/product\/725","targetHints":{"allow":["GET"]}}],"collection":[{"href":"https:\/\/www.askurochembla.ax\/index.php?rest_route=\/wp\/v2\/product"}],"about":[{"href":"https:\/\/www.askurochembla.ax\/index.php?rest_route=\/wp\/v2\/types\/product"}],"replies":[{"embeddable":true,"href":"https:\/\/www.askurochembla.ax\/index.php?rest_route=%2Fwp%2Fv2%2Fcomments&post=725"}],"wp:featuredmedia":[{"embeddable":true,"href":"https:\/\/www.askurochembla.ax\/index.php?rest_route=\/wp\/v2\/media\/1307"}],"wp:attachment":[{"href":"https:\/\/www.askurochembla.ax\/index.php?rest_route=%2Fwp%2Fv2%2Fmedia&parent=725"}],"wp:term":[{"taxonomy":"product_brand","embeddable":true,"href":"https:\/\/www.askurochembla.ax\/index.php?rest_route=%2Fwp%2Fv2%2Fproduct_brand&post=725"},{"taxonomy":"product_cat","embeddable":true,"href":"https:\/\/www.askurochembla.ax\/index.php?rest_route=%2Fwp%2Fv2%2Fproduct_cat&post=725"},{"taxonomy":"product_tag","embeddable":true,"href":"https:\/\/www.askurochembla.ax\/index.php?rest_route=%2Fwp%2Fv2%2Fproduct_tag&post=725"}],"curies":[{"name":"wp","href":"https:\/\/api.w.org\/{rel}","templated":true}]}}