{"id":731,"date":"2013-11-26T12:17:04","date_gmt":"2013-11-26T12:17:04","guid":{"rendered":"https:\/\/www.askurochembla.ax\/?post_type=product&#038;p=731"},"modified":"2023-09-15T06:56:16","modified_gmt":"2023-09-15T06:56:16","slug":"ungdomsmadrass-nele-plus-lammull","status":"publish","type":"product","link":"https:\/\/www.askurochembla.ax\/?product=ungdomsmadrass-nele-plus-lammull","title":{"rendered":"Ungdomsmadrass, Nele Plus Lammull"},"content":{"rendered":"","protected":false},"excerpt":{"rendered":"<p>Den h\u00e4r barnmadrassen har tv\u00e5 sidor. Den ena \u00e4r av punktelastisk naturgummi (latex) f\u00f6r medelfast sovkomfort och den andra best\u00e5r av fj\u00e4drande kokosgummi som ger ett fastare underlag. Barnet kan v\u00e4lja vilken sida som passar b\u00e4st under de olika faserna i barndomen och beroende av hur kroppen utvecklas under uppv\u00e4xten. Madrassens k\u00e4rna \u00e4r kl\u00e4dd med fleece av ekologisk lammull (kbT). Tv\u00e4ttbart madrass\u00f6verdrag av ekologisk bomullsdr\u00e4ll (kbA) med blixtl\u00e5s.<\/p>\n<p>Certifierad ekologisk bomull av GOTS. Lammull fr\u00e5n garanterat god djurh\u00e5llning, kbT. Naturgummi fr\u00e5n gummitr\u00e4d ekologiskt certifierad av QUL och f\u00f6r arbetsf\u00f6rh\u00e5llanden av FairDeal Trading. Produktionen \u00e4r certifierad av IVN. Alla produkter testas regelm\u00e4ssigt f\u00f6r inneh\u00e5ll av skadliga \u00e4mnen av ECO-institutet i Tyskland.<\/p>\n<p>Du kan f\u00e5 madrassen i en annan storlek, t ex 70&#215;160 cm, till samma pris som 80&#215;200 cm. Ange ditt \u00f6nskem\u00e5l i best\u00e4llningen!<\/p>\n<p><b>Fasthet:<\/b><br \/>\nMedel och fast, beroende av vilken sida man anv\u00e4nder<\/p>\n<p><b>K\u00e4rna:<\/b><br \/>\n4 cm naturgummi, 5 cm naturgummi\/kokosmatta runtom kl\u00e4dd med fleece av 500 g\/m\u00b2 ekologisk lammull (kbT)<\/p>\n<p><b>\u00d6verdrag:<\/b><br \/>\nDr\u00e4ll av 100% ekologisk bomull (kbA) med blixtl\u00e5s<\/p>\n<p><b>Tjocklek:<\/b><br \/>\nca. 10 cm<\/p>\n<p><strong>Leveranstiden \u00e4r normalt mellan 6 och 8 veckor.<\/strong><\/p>\n","protected":false},"featured_media":1307,"comment_status":"open","ping_status":"closed","template":"","meta":[],"product_brand":[],"product_cat":[102],"product_tag":[],"class_list":{"0":"post-731","1":"product","2":"type-product","3":"status-publish","4":"has-post-thumbnail","6":"product_cat-barnmadrasser","7":"product_shipping_class-fast-pris-kuddar-barnsovrumsprodukter","8":"pa_b3-10x80x200-cm-h-x-b-x-l","9":"pa_b3-10x90x200-cm-h-x-b-x-l","10":"pa_b3-10x100x200-cm-h-x-b-x-l","11":"pa_b3-10x140x200-cm-h-x-b-x-l","13":"first","14":"onbackorder","15":"taxable","16":"shipping-taxable","17":"purchasable","18":"product-type-variable","19":"has-default-attributes"},"_links":{"self":[{"href":"https:\/\/www.askurochembla.ax\/index.php?rest_route=\/wp\/v2\/product\/731","targetHints":{"allow":["GET"]}}],"collection":[{"href":"https:\/\/www.askurochembla.ax\/index.php?rest_route=\/wp\/v2\/product"}],"about":[{"href":"https:\/\/www.askurochembla.ax\/index.php?rest_route=\/wp\/v2\/types\/product"}],"replies":[{"embeddable":true,"href":"https:\/\/www.askurochembla.ax\/index.php?rest_route=%2Fwp%2Fv2%2Fcomments&post=731"}],"wp:featuredmedia":[{"embeddable":true,"href":"https:\/\/www.askurochembla.ax\/index.php?rest_route=\/wp\/v2\/media\/1307"}],"wp:attachment":[{"href":"https:\/\/www.askurochembla.ax\/index.php?rest_route=%2Fwp%2Fv2%2Fmedia&parent=731"}],"wp:term":[{"taxonomy":"product_brand","embeddable":true,"href":"https:\/\/www.askurochembla.ax\/index.php?rest_route=%2Fwp%2Fv2%2Fproduct_brand&post=731"},{"taxonomy":"product_cat","embeddable":true,"href":"https:\/\/www.askurochembla.ax\/index.php?rest_route=%2Fwp%2Fv2%2Fproduct_cat&post=731"},{"taxonomy":"product_tag","embeddable":true,"href":"https:\/\/www.askurochembla.ax\/index.php?rest_route=%2Fwp%2Fv2%2Fproduct_tag&post=731"}],"curies":[{"name":"wp","href":"https:\/\/api.w.org\/{rel}","templated":true}]}}