{"id":741,"date":"2013-11-26T12:26:09","date_gmt":"2013-11-26T12:26:09","guid":{"rendered":"https:\/\/www.askurochembla.ax\/?post_type=product&#038;p=741"},"modified":"2023-08-25T06:07:18","modified_gmt":"2023-08-25T06:07:18","slug":"baddmadrass-barn-lena","status":"publish","type":"product","link":"https:\/\/www.askurochembla.ax\/?product=baddmadrass-barn-lena","title":{"rendered":"B\u00e4ddmadrass, barn, Lena"},"content":{"rendered":"","protected":false},"excerpt":{"rendered":"<p>B\u00e4ddmadrassen \u00e4r fylld med ekologisk bomull. Sp\u00e4nnbanden i h\u00f6rnen ser till att b\u00e4ddmadrassen h\u00e5lls fast i madrassen. Maskintv\u00e4ttbar.<\/p>\n<p>Certifierad ekologisk bomull av GOTS. Produktionen \u00e4r certifierad av IVN. Alla produkter testas regelm\u00e4ssigt f\u00f6r inneh\u00e5ll av skadliga \u00e4mnen av ECO-institutet i Tyskland.<\/p>\n<p><b>Stoppning:<\/b><br \/>\n600 g fleece av 100% ekologisk bomull (kbA)<\/p>\n<p><b>\u00d6verdrag:<\/b><br \/>\n100% ekologisk bomull (kbA)<\/p>\n<p><b>Storlek:<\/b><br \/>\n60&#215;120 cm<\/p>\n<p><strong>Leveranstid:<\/strong><\/p>\n<p>Mellan 4 och 6 veckor.<\/p>\n","protected":false},"featured_media":1266,"comment_status":"open","ping_status":"closed","template":"","meta":[],"product_brand":[],"product_cat":[116],"product_tag":[],"class_list":{"0":"post-741","1":"product","2":"type-product","3":"status-publish","4":"has-post-thumbnail","6":"product_cat-baddmadrasser-sovrum-barn","7":"pa_b1-60x120-cm-b-x-l","8":"pa_b1-70x140-cm-b-x-l","10":"first","11":"instock","12":"taxable","13":"shipping-taxable","14":"purchasable","15":"product-type-variable","16":"has-default-attributes"},"_links":{"self":[{"href":"https:\/\/www.askurochembla.ax\/index.php?rest_route=\/wp\/v2\/product\/741","targetHints":{"allow":["GET"]}}],"collection":[{"href":"https:\/\/www.askurochembla.ax\/index.php?rest_route=\/wp\/v2\/product"}],"about":[{"href":"https:\/\/www.askurochembla.ax\/index.php?rest_route=\/wp\/v2\/types\/product"}],"replies":[{"embeddable":true,"href":"https:\/\/www.askurochembla.ax\/index.php?rest_route=%2Fwp%2Fv2%2Fcomments&post=741"}],"wp:featuredmedia":[{"embeddable":true,"href":"https:\/\/www.askurochembla.ax\/index.php?rest_route=\/wp\/v2\/media\/1266"}],"wp:attachment":[{"href":"https:\/\/www.askurochembla.ax\/index.php?rest_route=%2Fwp%2Fv2%2Fmedia&parent=741"}],"wp:term":[{"taxonomy":"product_brand","embeddable":true,"href":"https:\/\/www.askurochembla.ax\/index.php?rest_route=%2Fwp%2Fv2%2Fproduct_brand&post=741"},{"taxonomy":"product_cat","embeddable":true,"href":"https:\/\/www.askurochembla.ax\/index.php?rest_route=%2Fwp%2Fv2%2Fproduct_cat&post=741"},{"taxonomy":"product_tag","embeddable":true,"href":"https:\/\/www.askurochembla.ax\/index.php?rest_route=%2Fwp%2Fv2%2Fproduct_tag&post=741"}],"curies":[{"name":"wp","href":"https:\/\/api.w.org\/{rel}","templated":true}]}}