{"id":745,"date":"2013-11-26T12:27:36","date_gmt":"2013-11-26T12:27:36","guid":{"rendered":"https:\/\/www.askurochembla.ax\/?post_type=product&#038;p=745"},"modified":"2023-09-15T06:56:06","modified_gmt":"2023-09-15T06:56:06","slug":"baddmadrass-barn-mira","status":"publish","type":"product","link":"https:\/\/www.askurochembla.ax\/?product=baddmadrass-barn-mira","title":{"rendered":"B\u00e4ddmadrass, barn, Mira"},"content":{"rendered":"","protected":false},"excerpt":{"rendered":"<p>Barnb\u00e4ddmadrassen Mira \u00e4r kl\u00e4dd med mjuk ekologisk bomullsjersey och fylld med ren ekologisk certifierad lammull.<\/p>\n<p>Certifierad ekologisk bomull av GOTS. Lammull fr\u00e5n garanterat god djurh\u00e5llning, kbT. Produktionen \u00e4r certifierad av IVN. Alla produkter testas regelm\u00e4ssigt f\u00f6r inneh\u00e5ll av skadliga \u00e4mnen av ECO-institutet i Tyskland.<\/p>\n<p><b>\u00d6verdrag:<\/b><br \/>\n100% ekologisk bomull (kbA)<\/p>\n<p><b>Stoppning:<\/b><br \/>\nFleece av 100% ekologisk lammull (kbT)<\/p>\n<p><strong>Leveranstid:<\/strong><\/p>\n<p>Mellan 4 och 6 veckor.<\/p>\n","protected":false},"featured_media":736,"comment_status":"open","ping_status":"closed","template":"","meta":[],"product_brand":[],"product_cat":[116],"product_tag":[],"class_list":{"0":"post-745","1":"product","2":"type-product","3":"status-publish","4":"has-post-thumbnail","6":"product_cat-baddmadrasser-sovrum-barn","7":"pa_b1-60x120-cm-b-x-l","8":"pa_b1-70x140-cm-b-x-l","10":"first","11":"instock","12":"taxable","13":"shipping-taxable","14":"purchasable","15":"product-type-variable","16":"has-default-attributes"},"_links":{"self":[{"href":"https:\/\/www.askurochembla.ax\/index.php?rest_route=\/wp\/v2\/product\/745","targetHints":{"allow":["GET"]}}],"collection":[{"href":"https:\/\/www.askurochembla.ax\/index.php?rest_route=\/wp\/v2\/product"}],"about":[{"href":"https:\/\/www.askurochembla.ax\/index.php?rest_route=\/wp\/v2\/types\/product"}],"replies":[{"embeddable":true,"href":"https:\/\/www.askurochembla.ax\/index.php?rest_route=%2Fwp%2Fv2%2Fcomments&post=745"}],"wp:featuredmedia":[{"embeddable":true,"href":"https:\/\/www.askurochembla.ax\/index.php?rest_route=\/wp\/v2\/media\/736"}],"wp:attachment":[{"href":"https:\/\/www.askurochembla.ax\/index.php?rest_route=%2Fwp%2Fv2%2Fmedia&parent=745"}],"wp:term":[{"taxonomy":"product_brand","embeddable":true,"href":"https:\/\/www.askurochembla.ax\/index.php?rest_route=%2Fwp%2Fv2%2Fproduct_brand&post=745"},{"taxonomy":"product_cat","embeddable":true,"href":"https:\/\/www.askurochembla.ax\/index.php?rest_route=%2Fwp%2Fv2%2Fproduct_cat&post=745"},{"taxonomy":"product_tag","embeddable":true,"href":"https:\/\/www.askurochembla.ax\/index.php?rest_route=%2Fwp%2Fv2%2Fproduct_tag&post=745"}],"curies":[{"name":"wp","href":"https:\/\/api.w.org\/{rel}","templated":true}]}}