{"id":749,"date":"2013-11-26T12:31:44","date_gmt":"2013-11-26T12:31:44","guid":{"rendered":"https:\/\/www.askurochembla.ax\/?post_type=product&#038;p=749"},"modified":"2023-09-15T06:55:52","modified_gmt":"2023-09-15T06:55:52","slug":"madrasskydd-skyddar-mot-tryck-fran-ribbotten-2","status":"publish","type":"product","link":"https:\/\/www.askurochembla.ax\/?product=madrasskydd-skyddar-mot-tryck-fran-ribbotten-2","title":{"rendered":"Madrasskydd, skyddar mot tryck fr\u00e5n ribbotten"},"content":{"rendered":"","protected":false},"excerpt":{"rendered":"<p>Madrasskyddet av 100% ekologisk lammull (kbT) har tv\u00e5 viktiga funktioner. Dels tar det upp fukt fr\u00e5n madrassen och avger det till rummet och dels utg\u00f6r det skydd mot att madrassen ska n\u00f6tas av ribborna i ribbotten och s\u00e4ngramen. Placeras mellan madrassen och ribbotten. 100% ekologisk lammull (kbT) f\u00f6r optimal luftgenomstr\u00f6mning.<\/p>\n<p>Lammull fr\u00e5n garanterat god djurh\u00e5llning, kbT. Produktionen \u00e4r certifierad av IVN. Alla produkter testas regelm\u00e4ssigt f\u00f6r inneh\u00e5ll av skadliga \u00e4mnen av ECO-institutet i Tyskland. Tv\u00e5 \u00e5rs fabriksgaranti fr\u00e5n Prolana.<\/p>\n<p><b>Storlek:<\/b><br \/>\n70x140cm<\/p>\n<p>100% ekologisk lammull (kbT).<\/p>\n","protected":false},"featured_media":1237,"comment_status":"open","ping_status":"closed","template":"","meta":[],"product_brand":[],"product_cat":[119],"product_tag":[],"class_list":{"0":"post-749","1":"product","2":"type-product","3":"status-publish","4":"has-post-thumbnail","6":"product_cat-madrasskydd-sovrum-barn","7":"product_shipping_class-fast-pris-kuddar-barnsovrumsprodukter","8":"pa_b1-60x120-cm-b-x-l","9":"pa_b1-70x140-cm-b-x-l","11":"first","12":"onbackorder","13":"taxable","14":"shipping-taxable","15":"purchasable","16":"product-type-simple"},"_links":{"self":[{"href":"https:\/\/www.askurochembla.ax\/index.php?rest_route=\/wp\/v2\/product\/749","targetHints":{"allow":["GET"]}}],"collection":[{"href":"https:\/\/www.askurochembla.ax\/index.php?rest_route=\/wp\/v2\/product"}],"about":[{"href":"https:\/\/www.askurochembla.ax\/index.php?rest_route=\/wp\/v2\/types\/product"}],"replies":[{"embeddable":true,"href":"https:\/\/www.askurochembla.ax\/index.php?rest_route=%2Fwp%2Fv2%2Fcomments&post=749"}],"wp:featuredmedia":[{"embeddable":true,"href":"https:\/\/www.askurochembla.ax\/index.php?rest_route=\/wp\/v2\/media\/1237"}],"wp:attachment":[{"href":"https:\/\/www.askurochembla.ax\/index.php?rest_route=%2Fwp%2Fv2%2Fmedia&parent=749"}],"wp:term":[{"taxonomy":"product_brand","embeddable":true,"href":"https:\/\/www.askurochembla.ax\/index.php?rest_route=%2Fwp%2Fv2%2Fproduct_brand&post=749"},{"taxonomy":"product_cat","embeddable":true,"href":"https:\/\/www.askurochembla.ax\/index.php?rest_route=%2Fwp%2Fv2%2Fproduct_cat&post=749"},{"taxonomy":"product_tag","embeddable":true,"href":"https:\/\/www.askurochembla.ax\/index.php?rest_route=%2Fwp%2Fv2%2Fproduct_tag&post=749"}],"curies":[{"name":"wp","href":"https:\/\/api.w.org\/{rel}","templated":true}]}}