{"id":772,"date":"2013-11-26T13:44:55","date_gmt":"2013-11-26T13:44:55","guid":{"rendered":"https:\/\/www.askurochembla.ax\/?post_type=product&#038;p=772"},"modified":"2023-09-15T06:55:34","modified_gmt":"2023-09-15T06:55:34","slug":"sommartacke-bobo","status":"publish","type":"product","link":"https:\/\/www.askurochembla.ax\/?product=sommartacke-bobo","title":{"rendered":"Sommart\u00e4cke Bobo"},"content":{"rendered":"","protected":false},"excerpt":{"rendered":"<p>Barnt\u00e4cket Bobo \u00e4r ett l\u00e4tt sommart\u00e4cke med temperatur- och fuktutj\u00e4mnande egenskaper genom stoppningen av lammullsfleece. \u00d6verdraget \u00e4r av ekologisk bomull (kbA) med haren Bobo quiltad \u00f6ver t\u00e4cket.<\/p>\n<p>Certifierad ekologisk bomull av GOTS. Lammull fr\u00e5n garanterat god djurh\u00e5llning, kbT. Produktionen \u00e4r certifierad av IVN. Alla produkter testas regelm\u00e4ssigt f\u00f6r inneh\u00e5ll av skadliga \u00e4mnen av ECO-institutet i Tyskland.<\/p>\n<p><b>\u00d6verdrag:<\/b><br \/>\n100% ekologisk bomull (kbA)<\/p>\n<p><b>F\u00e4rg:<\/b><br \/>\nNaturvit<\/p>\n<p><b>Stoppning:<\/b><br \/>\n250 g 100% ekologisk lammull (kbT)<\/p>\n<p><b>Storlek:<\/b><br \/>\n100 x 135 cm<\/p>\n","protected":false},"featured_media":1260,"comment_status":"open","ping_status":"closed","template":"","meta":[],"product_brand":[],"product_cat":[120],"product_tag":[],"class_list":{"0":"post-772","1":"product","2":"type-product","3":"status-publish","4":"has-post-thumbnail","6":"product_cat-tacken-filtar","7":"product_shipping_class-fast-pris-kuddar-barnsovrumsprodukter","9":"first","10":"onbackorder","11":"taxable","12":"shipping-taxable","13":"purchasable","14":"product-type-simple"},"_links":{"self":[{"href":"https:\/\/www.askurochembla.ax\/index.php?rest_route=\/wp\/v2\/product\/772","targetHints":{"allow":["GET"]}}],"collection":[{"href":"https:\/\/www.askurochembla.ax\/index.php?rest_route=\/wp\/v2\/product"}],"about":[{"href":"https:\/\/www.askurochembla.ax\/index.php?rest_route=\/wp\/v2\/types\/product"}],"replies":[{"embeddable":true,"href":"https:\/\/www.askurochembla.ax\/index.php?rest_route=%2Fwp%2Fv2%2Fcomments&post=772"}],"wp:featuredmedia":[{"embeddable":true,"href":"https:\/\/www.askurochembla.ax\/index.php?rest_route=\/wp\/v2\/media\/1260"}],"wp:attachment":[{"href":"https:\/\/www.askurochembla.ax\/index.php?rest_route=%2Fwp%2Fv2%2Fmedia&parent=772"}],"wp:term":[{"taxonomy":"product_brand","embeddable":true,"href":"https:\/\/www.askurochembla.ax\/index.php?rest_route=%2Fwp%2Fv2%2Fproduct_brand&post=772"},{"taxonomy":"product_cat","embeddable":true,"href":"https:\/\/www.askurochembla.ax\/index.php?rest_route=%2Fwp%2Fv2%2Fproduct_cat&post=772"},{"taxonomy":"product_tag","embeddable":true,"href":"https:\/\/www.askurochembla.ax\/index.php?rest_route=%2Fwp%2Fv2%2Fproduct_tag&post=772"}],"curies":[{"name":"wp","href":"https:\/\/api.w.org\/{rel}","templated":true}]}}