{"id":777,"date":"2013-11-26T13:49:52","date_gmt":"2013-11-26T13:49:52","guid":{"rendered":"https:\/\/www.askurochembla.ax\/?post_type=product&#038;p=777"},"modified":"2023-09-15T06:55:17","modified_gmt":"2023-09-15T06:55:17","slug":"aretrunttacke-lena","status":"publish","type":"product","link":"https:\/\/www.askurochembla.ax\/?product=aretrunttacke-lena","title":{"rendered":"\u00c5retruntt\u00e4cke Lena"},"content":{"rendered":"","protected":false},"excerpt":{"rendered":"<p>Babyt\u00e4cke av ekologisk bomull. \u00d6verdrag av bomull och stoppning av bomullsfleece. Rutquitlningen att stoppningen ligger fast \u00e4ven om barnet r\u00f6r sig mycket i s\u00e4ngen. Maskintv\u00e4ttbar.<\/p>\n<p>Certifierad ekologisk bomull av GOTS. Produktionen \u00e4r certifierad av IVN. Alla produkter testas regelm\u00e4ssigt f\u00f6r inneh\u00e5ll av skadliga \u00e4mnen av ECO-institutet i Tyskland.<\/p>\n<p><b>\u00d6verdrag:<\/b><br \/>\n100% ekologisk bomull (kbA)<\/p>\n<p><b>Stoppning:<\/b><br \/>\n650 g 100% ekologisk bomull (kbA)<\/p>\n<p><strong>Storlek:<\/strong><\/p>\n<p>100 x 135 cm<\/p>\n<p><strong>Leveranstid:<\/strong><\/p>\n<p>Mellan 4 och 6 veckor<\/p>\n","protected":false},"featured_media":1257,"comment_status":"open","ping_status":"closed","template":"","meta":[],"product_brand":[],"product_cat":[120],"product_tag":[],"class_list":{"0":"post-777","1":"product","2":"type-product","3":"status-publish","4":"has-post-thumbnail","6":"product_cat-tacken-filtar","7":"product_shipping_class-fast-pris-kuddar-barnsovrumsprodukter","8":"pa_t3-80x80-cm-b-x-l","9":"pa_t3-100x135-cm-b-x-l","11":"first","12":"onbackorder","13":"taxable","14":"shipping-taxable","15":"purchasable","16":"product-type-simple"},"_links":{"self":[{"href":"https:\/\/www.askurochembla.ax\/index.php?rest_route=\/wp\/v2\/product\/777","targetHints":{"allow":["GET"]}}],"collection":[{"href":"https:\/\/www.askurochembla.ax\/index.php?rest_route=\/wp\/v2\/product"}],"about":[{"href":"https:\/\/www.askurochembla.ax\/index.php?rest_route=\/wp\/v2\/types\/product"}],"replies":[{"embeddable":true,"href":"https:\/\/www.askurochembla.ax\/index.php?rest_route=%2Fwp%2Fv2%2Fcomments&post=777"}],"wp:featuredmedia":[{"embeddable":true,"href":"https:\/\/www.askurochembla.ax\/index.php?rest_route=\/wp\/v2\/media\/1257"}],"wp:attachment":[{"href":"https:\/\/www.askurochembla.ax\/index.php?rest_route=%2Fwp%2Fv2%2Fmedia&parent=777"}],"wp:term":[{"taxonomy":"product_brand","embeddable":true,"href":"https:\/\/www.askurochembla.ax\/index.php?rest_route=%2Fwp%2Fv2%2Fproduct_brand&post=777"},{"taxonomy":"product_cat","embeddable":true,"href":"https:\/\/www.askurochembla.ax\/index.php?rest_route=%2Fwp%2Fv2%2Fproduct_cat&post=777"},{"taxonomy":"product_tag","embeddable":true,"href":"https:\/\/www.askurochembla.ax\/index.php?rest_route=%2Fwp%2Fv2%2Fproduct_tag&post=777"}],"curies":[{"name":"wp","href":"https:\/\/api.w.org\/{rel}","templated":true}]}}