{"id":786,"date":"2013-11-27T12:20:06","date_gmt":"2013-11-27T12:20:06","guid":{"rendered":"https:\/\/www.askurochembla.ax\/?post_type=product&#038;p=786"},"modified":"2023-09-15T06:55:00","modified_gmt":"2023-09-15T06:55:00","slug":"babykudde-bobo-u-form","status":"publish","type":"product","link":"https:\/\/www.askurochembla.ax\/?product=babykudde-bobo-u-form","title":{"rendered":"Babykudde Bobo, U-form"},"content":{"rendered":"","protected":false},"excerpt":{"rendered":"<p>Kudden Bobo \u00e4r fylld med lammull och har h\u00f6gre och fastare stoppning p\u00e5 tre sidor s\u00e5 att babyn k\u00e4nner sig trygg och omstoppad. Innerkudden \u00e4r av ren ekologisk bomull (kbA) och fylld med fleece av mjuk ekologisk lammull (kbT).<\/p>\n<p>Certifierad ekologisk bomull av GOTS. Produktionen \u00e4r certifierad av IVN. Lammull fr\u00e5n garanterat god djurh\u00e5llning, kbT. Alla produkter testas regelm\u00e4ssigt f\u00f6r inneh\u00e5ll av skadliga \u00e4mnen av ECO-institutet i Tyskland.<\/p>\n<p><b>\u00d6verdrag:<\/b><br \/>\n100 % ekologisk bomull (kbA)<\/p>\n<p><b>Stoppning:<\/b><br \/>\n250 g 100 % ekologisk lammull (kbT)<\/p>\n<p><b>Storlek:<\/b><br \/>\n40x60cm<\/p>\n<p><strong>Leveranstid:<\/strong><\/p>\n<p>Mellan 4 och 6 veckor.<\/p>\n","protected":false},"featured_media":1250,"comment_status":"open","ping_status":"closed","template":"","meta":[],"product_brand":[],"product_cat":[124],"product_tag":[],"class_list":{"0":"post-786","1":"product","2":"type-product","3":"status-publish","4":"has-post-thumbnail","6":"product_cat-kuddar-sovrum-barn","7":"product_shipping_class-fast-pris-kuddar-barnsovrumsprodukter","9":"first","10":"onbackorder","11":"taxable","12":"shipping-taxable","13":"purchasable","14":"product-type-simple"},"_links":{"self":[{"href":"https:\/\/www.askurochembla.ax\/index.php?rest_route=\/wp\/v2\/product\/786","targetHints":{"allow":["GET"]}}],"collection":[{"href":"https:\/\/www.askurochembla.ax\/index.php?rest_route=\/wp\/v2\/product"}],"about":[{"href":"https:\/\/www.askurochembla.ax\/index.php?rest_route=\/wp\/v2\/types\/product"}],"replies":[{"embeddable":true,"href":"https:\/\/www.askurochembla.ax\/index.php?rest_route=%2Fwp%2Fv2%2Fcomments&post=786"}],"wp:featuredmedia":[{"embeddable":true,"href":"https:\/\/www.askurochembla.ax\/index.php?rest_route=\/wp\/v2\/media\/1250"}],"wp:attachment":[{"href":"https:\/\/www.askurochembla.ax\/index.php?rest_route=%2Fwp%2Fv2%2Fmedia&parent=786"}],"wp:term":[{"taxonomy":"product_brand","embeddable":true,"href":"https:\/\/www.askurochembla.ax\/index.php?rest_route=%2Fwp%2Fv2%2Fproduct_brand&post=786"},{"taxonomy":"product_cat","embeddable":true,"href":"https:\/\/www.askurochembla.ax\/index.php?rest_route=%2Fwp%2Fv2%2Fproduct_cat&post=786"},{"taxonomy":"product_tag","embeddable":true,"href":"https:\/\/www.askurochembla.ax\/index.php?rest_route=%2Fwp%2Fv2%2Fproduct_tag&post=786"}],"curies":[{"name":"wp","href":"https:\/\/api.w.org\/{rel}","templated":true}]}}