{"id":787,"date":"2013-11-27T12:21:20","date_gmt":"2013-11-27T12:21:20","guid":{"rendered":"https:\/\/www.askurochembla.ax\/?post_type=product&#038;p=787"},"modified":"2023-09-15T06:54:51","modified_gmt":"2023-09-15T06:54:51","slug":"babykudde-lena-u-form","status":"publish","type":"product","link":"https:\/\/www.askurochembla.ax\/?product=babykudde-lena-u-form","title":{"rendered":"Babykudde Lena, U-form"},"content":{"rendered":"","protected":false},"excerpt":{"rendered":"<p>Lena \u00e4r en bomullskudde f\u00f6r babyn. P\u00e5 tre sidor \u00e4r kudden f\u00f6rh\u00f6jd s\u00e5 att din baby k\u00e4nner sig trygg och omstoppad. Tv\u00e4ttbar i maskin.<\/p>\n<p>Certifierad ekologisk bomull av GOTS. Produktionen \u00e4r certifierad av IVN. Alla produkter testas regelm\u00e4ssigt f\u00f6r inneh\u00e5ll av skadliga \u00e4mnen av ECO-institutet i Tyskland.<\/p>\n<p><b>Innerkudde:<\/b><br \/>\n100% ekologisk bomull (kbA)<\/p>\n<p><b>Stoppning:<\/b><br \/>\n250 g ekologisk bomull (kbA) 100%<\/p>\n<p><b>Storlek:<\/b><br \/>\n40&#215;60 cm<\/p>\n<p><strong>Leveranstid:<\/strong><\/p>\n<p>Mellan 4 och 6 veckor.<\/p>\n","protected":false},"featured_media":1248,"comment_status":"open","ping_status":"closed","template":"","meta":[],"product_brand":[],"product_cat":[124],"product_tag":[],"class_list":{"0":"post-787","1":"product","2":"type-product","3":"status-publish","4":"has-post-thumbnail","6":"product_cat-kuddar-sovrum-barn","7":"product_shipping_class-fast-pris-kuddar-barnsovrumsprodukter","9":"first","10":"onbackorder","11":"taxable","12":"shipping-taxable","13":"purchasable","14":"product-type-simple"},"_links":{"self":[{"href":"https:\/\/www.askurochembla.ax\/index.php?rest_route=\/wp\/v2\/product\/787","targetHints":{"allow":["GET"]}}],"collection":[{"href":"https:\/\/www.askurochembla.ax\/index.php?rest_route=\/wp\/v2\/product"}],"about":[{"href":"https:\/\/www.askurochembla.ax\/index.php?rest_route=\/wp\/v2\/types\/product"}],"replies":[{"embeddable":true,"href":"https:\/\/www.askurochembla.ax\/index.php?rest_route=%2Fwp%2Fv2%2Fcomments&post=787"}],"wp:featuredmedia":[{"embeddable":true,"href":"https:\/\/www.askurochembla.ax\/index.php?rest_route=\/wp\/v2\/media\/1248"}],"wp:attachment":[{"href":"https:\/\/www.askurochembla.ax\/index.php?rest_route=%2Fwp%2Fv2%2Fmedia&parent=787"}],"wp:term":[{"taxonomy":"product_brand","embeddable":true,"href":"https:\/\/www.askurochembla.ax\/index.php?rest_route=%2Fwp%2Fv2%2Fproduct_brand&post=787"},{"taxonomy":"product_cat","embeddable":true,"href":"https:\/\/www.askurochembla.ax\/index.php?rest_route=%2Fwp%2Fv2%2Fproduct_cat&post=787"},{"taxonomy":"product_tag","embeddable":true,"href":"https:\/\/www.askurochembla.ax\/index.php?rest_route=%2Fwp%2Fv2%2Fproduct_tag&post=787"}],"curies":[{"name":"wp","href":"https:\/\/api.w.org\/{rel}","templated":true}]}}