{"id":793,"date":"2013-11-27T13:04:07","date_gmt":"2013-11-27T13:04:07","guid":{"rendered":"https:\/\/www.askurochembla.ax\/?post_type=product&#038;p=793"},"modified":"2023-09-15T06:54:43","modified_gmt":"2023-09-15T06:54:43","slug":"barnkudde-bobo-lammullsfleece","status":"publish","type":"product","link":"https:\/\/www.askurochembla.ax\/?product=barnkudde-bobo-lammullsfleece","title":{"rendered":"Barnkudde Bobo, lammullsfleece"},"content":{"rendered":"","protected":false},"excerpt":{"rendered":"<p>En mysig kudde f\u00f6r barn fylld med vadd av ekologisk lammull. Innerkudde av ren ekologisk bomull (kbA) med blixtl\u00e5s s\u00e5 att man sj\u00e4lv kan v\u00e4lja m\u00e4ngden stoppning. L\u00e4ngst ned till v\u00e4nster p\u00e5 bilden.<\/p>\n<p>Certifierad ekologisk bomull av GOTS. Produktionen \u00e4r certifierad av IVN. Lammull fr\u00e5n garanterat god djurh\u00e5llning, kbT. Alla produkter testas regelm\u00e4ssigt f\u00f6r inneh\u00e5ll av skadliga \u00e4mnen av ECO-institutet i Tyskland.<\/p>\n<p><b>\u00d6verdrag:<\/b><br \/>\n100 % ekologisk bomullperkal (100%)<\/p>\n<p><b>Stoppning:<\/b><br \/>\n350 g av 100 % ekologisk fleece av lammull (kbT)<\/p>\n<p><b>Storlek:<\/b><br \/>\n40&#215;60 cm<\/p>\n<p><strong>Leveranstid:<\/strong><\/p>\n<p>Mellan 4 och 6 veckor<\/p>\n","protected":false},"featured_media":1246,"comment_status":"open","ping_status":"closed","template":"","meta":[],"product_brand":[],"product_cat":[124],"product_tag":[],"class_list":{"0":"post-793","1":"product","2":"type-product","3":"status-publish","4":"has-post-thumbnail","6":"product_cat-kuddar-sovrum-barn","7":"product_shipping_class-fast-pris-kuddar-barnsovrumsprodukter","9":"first","10":"onbackorder","11":"taxable","12":"shipping-taxable","13":"purchasable","14":"product-type-simple"},"_links":{"self":[{"href":"https:\/\/www.askurochembla.ax\/index.php?rest_route=\/wp\/v2\/product\/793","targetHints":{"allow":["GET"]}}],"collection":[{"href":"https:\/\/www.askurochembla.ax\/index.php?rest_route=\/wp\/v2\/product"}],"about":[{"href":"https:\/\/www.askurochembla.ax\/index.php?rest_route=\/wp\/v2\/types\/product"}],"replies":[{"embeddable":true,"href":"https:\/\/www.askurochembla.ax\/index.php?rest_route=%2Fwp%2Fv2%2Fcomments&post=793"}],"wp:featuredmedia":[{"embeddable":true,"href":"https:\/\/www.askurochembla.ax\/index.php?rest_route=\/wp\/v2\/media\/1246"}],"wp:attachment":[{"href":"https:\/\/www.askurochembla.ax\/index.php?rest_route=%2Fwp%2Fv2%2Fmedia&parent=793"}],"wp:term":[{"taxonomy":"product_brand","embeddable":true,"href":"https:\/\/www.askurochembla.ax\/index.php?rest_route=%2Fwp%2Fv2%2Fproduct_brand&post=793"},{"taxonomy":"product_cat","embeddable":true,"href":"https:\/\/www.askurochembla.ax\/index.php?rest_route=%2Fwp%2Fv2%2Fproduct_cat&post=793"},{"taxonomy":"product_tag","embeddable":true,"href":"https:\/\/www.askurochembla.ax\/index.php?rest_route=%2Fwp%2Fv2%2Fproduct_tag&post=793"}],"curies":[{"name":"wp","href":"https:\/\/api.w.org\/{rel}","templated":true}]}}