{"id":798,"date":"2013-11-27T13:59:04","date_gmt":"2013-11-27T13:59:04","guid":{"rendered":"https:\/\/www.askurochembla.ax\/?post_type=product&#038;p=798"},"modified":"2023-08-25T06:34:37","modified_gmt":"2023-08-25T06:34:37","slug":"quiltad-barnkudde-mira","status":"publish","type":"product","link":"https:\/\/www.askurochembla.ax\/?product=quiltad-barnkudde-mira","title":{"rendered":"Barnkudde Mira"},"content":{"rendered":"","protected":false},"excerpt":{"rendered":"<p>Barnkudden Mira \u00e4r stoppad med ekologisk lammullvadd och har ett \u00f6verdrag av mjuk ekologisk bomullsjersey stoppat med lammull. Kombinationen av stoppning och jersey\u00f6verdrag g\u00f6r kudden formstabil, varm och fuktreglerande. M\u00e4ngden stoppning kan regleras efter behov genom att kudden har ett blixtl\u00e5s och kan \u00f6ppnas.<\/p>\n<p>Certifierad ekologisk bomull av GOTS. Lammull fr\u00e5n garanterat god djurh\u00e5llning, kbT. Produktionen \u00e4r certifierad av IVN. Alla produkter testas regelm\u00e4ssigt f\u00f6r inneh\u00e5ll av skadliga \u00e4mnen av ECO-institutet i Tyskland.<\/p>\n<p><b>\u00d6verdrag:<\/b><br \/>\n100% ekologisk bomull (kbA) stoppat med lammull.<\/p>\n<p><b>Stoppning:<\/b><br \/>\n500 g vadd av 100% ekologisk lammull (kbT)<\/p>\n<p><b>Storlek:<\/b><br \/>\n40x60cm<\/p>\n<p><strong>Leveranstid:<\/strong><\/p>\n<p>Mellan 4 och 6 veckor<\/p>\n","protected":false},"featured_media":2137,"comment_status":"open","ping_status":"closed","template":"","meta":[],"product_brand":[],"product_cat":[124],"product_tag":[],"class_list":{"0":"post-798","1":"product","2":"type-product","3":"status-publish","4":"has-post-thumbnail","6":"product_cat-kuddar-sovrum-barn","8":"first","9":"instock","10":"taxable","11":"shipping-taxable","12":"purchasable","13":"product-type-simple"},"_links":{"self":[{"href":"https:\/\/www.askurochembla.ax\/index.php?rest_route=\/wp\/v2\/product\/798","targetHints":{"allow":["GET"]}}],"collection":[{"href":"https:\/\/www.askurochembla.ax\/index.php?rest_route=\/wp\/v2\/product"}],"about":[{"href":"https:\/\/www.askurochembla.ax\/index.php?rest_route=\/wp\/v2\/types\/product"}],"replies":[{"embeddable":true,"href":"https:\/\/www.askurochembla.ax\/index.php?rest_route=%2Fwp%2Fv2%2Fcomments&post=798"}],"wp:featuredmedia":[{"embeddable":true,"href":"https:\/\/www.askurochembla.ax\/index.php?rest_route=\/wp\/v2\/media\/2137"}],"wp:attachment":[{"href":"https:\/\/www.askurochembla.ax\/index.php?rest_route=%2Fwp%2Fv2%2Fmedia&parent=798"}],"wp:term":[{"taxonomy":"product_brand","embeddable":true,"href":"https:\/\/www.askurochembla.ax\/index.php?rest_route=%2Fwp%2Fv2%2Fproduct_brand&post=798"},{"taxonomy":"product_cat","embeddable":true,"href":"https:\/\/www.askurochembla.ax\/index.php?rest_route=%2Fwp%2Fv2%2Fproduct_cat&post=798"},{"taxonomy":"product_tag","embeddable":true,"href":"https:\/\/www.askurochembla.ax\/index.php?rest_route=%2Fwp%2Fv2%2Fproduct_tag&post=798"}],"curies":[{"name":"wp","href":"https:\/\/api.w.org\/{rel}","templated":true}]}}