{"id":802,"date":"2013-11-27T14:02:48","date_gmt":"2013-11-27T14:02:48","guid":{"rendered":"https:\/\/www.askurochembla.ax\/?post_type=product&#038;p=802"},"modified":"2023-08-25T06:32:14","modified_gmt":"2023-08-25T06:32:14","slug":"babykudde-lena","status":"publish","type":"product","link":"https:\/\/www.askurochembla.ax\/?product=babykudde-lena","title":{"rendered":"Babykudde Mira"},"content":{"rendered":"","protected":false},"excerpt":{"rendered":"<p>Barnkudden Mira \u00e4r stoppad med ekologisk fleece av lammull och har ett \u00f6verdrag av mjuk ekologisk bomullsjersey. Kombinationen av stoppning och jersey\u00f6verdrag g\u00f6r kudden formstabil, varm och fuktreglerande. M\u00e4ngden stoppning kan regleras efter behov genom att kudden har ett blixtl\u00e5s och kan \u00f6ppnas. Den sl\u00e4ta kudden i mitten av bilden, men mindre.<\/p>\n<p>Certifierad ekologisk bomull av GOTS. Produktionen \u00e4r certifierad av IVN. Lammull fr\u00e5n garanterat god djurh\u00e5llning, kbT. Alla produkter testas regelm\u00e4ssigt f\u00f6r inneh\u00e5ll av skadliga \u00e4mnen av ECO-institutet i Tyskland.<\/p>\n<p><b>Kuddfodral:<\/b><br \/>\nJersey av 100 % ekologisk bomull (kbA)<\/p>\n<p><b>Storlek och Stoppning:<\/b><br \/>\n35x40cm &#8211; 200 g 100 % ekologisk fleece av lammull (kbT)<\/p>\n<p>40&#215;60 &#8211; 350 g 100 % ekologisk fleece av lammull (kbT)<\/p>\n<p><b>Leveranstid:<\/b><\/p>\n<p>Mellan 4 och 6 veckor.<\/p>\n","protected":false},"featured_media":2139,"comment_status":"open","ping_status":"closed","template":"","meta":[],"product_brand":[],"product_cat":[124],"product_tag":[],"class_list":{"0":"post-802","1":"product","2":"type-product","3":"status-publish","4":"has-post-thumbnail","6":"product_cat-kuddar-sovrum-barn","7":"pa_b2-35x40-cm-b-x-l","8":"pa_b2-40x60-cm-b-x-l","10":"first","11":"instock","12":"taxable","13":"shipping-taxable","14":"purchasable","15":"product-type-variable"},"_links":{"self":[{"href":"https:\/\/www.askurochembla.ax\/index.php?rest_route=\/wp\/v2\/product\/802","targetHints":{"allow":["GET"]}}],"collection":[{"href":"https:\/\/www.askurochembla.ax\/index.php?rest_route=\/wp\/v2\/product"}],"about":[{"href":"https:\/\/www.askurochembla.ax\/index.php?rest_route=\/wp\/v2\/types\/product"}],"replies":[{"embeddable":true,"href":"https:\/\/www.askurochembla.ax\/index.php?rest_route=%2Fwp%2Fv2%2Fcomments&post=802"}],"wp:featuredmedia":[{"embeddable":true,"href":"https:\/\/www.askurochembla.ax\/index.php?rest_route=\/wp\/v2\/media\/2139"}],"wp:attachment":[{"href":"https:\/\/www.askurochembla.ax\/index.php?rest_route=%2Fwp%2Fv2%2Fmedia&parent=802"}],"wp:term":[{"taxonomy":"product_brand","embeddable":true,"href":"https:\/\/www.askurochembla.ax\/index.php?rest_route=%2Fwp%2Fv2%2Fproduct_brand&post=802"},{"taxonomy":"product_cat","embeddable":true,"href":"https:\/\/www.askurochembla.ax\/index.php?rest_route=%2Fwp%2Fv2%2Fproduct_cat&post=802"},{"taxonomy":"product_tag","embeddable":true,"href":"https:\/\/www.askurochembla.ax\/index.php?rest_route=%2Fwp%2Fv2%2Fproduct_tag&post=802"}],"curies":[{"name":"wp","href":"https:\/\/api.w.org\/{rel}","templated":true}]}}