{"id":859,"date":"2013-11-28T12:54:51","date_gmt":"2013-11-28T12:54:51","guid":{"rendered":"https:\/\/www.askurochembla.ax\/?post_type=product&#038;p=859"},"modified":"2023-09-15T07:41:53","modified_gmt":"2023-09-15T07:41:53","slug":"overdrag-till-amningskudde-natur","status":"publish","type":"product","link":"https:\/\/www.askurochembla.ax\/?product=overdrag-till-amningskudde-natur","title":{"rendered":"\u00d6verdrag till amningskudde, natur"},"content":{"rendered":"","protected":false},"excerpt":{"rendered":"<p>\u00d6verdrag till amnings-\/avslappningskudden. P\u00e5 bilden \u00e4r kudden kl\u00e4dd med ett naturvitt \u00f6verdrag. Kudden k\u00f6ps separat, se amningskudde.<\/p>\n<p>Certifierad ekologisk bomull av GOTS. Produktionen \u00e4r certifierad av IVN. Alla produkter testas regelm\u00e4ssigt f\u00f6r inneh\u00e5ll av skadliga \u00e4mnen av ECO-institutet i Tyskland.<\/p>\n<p><b>\u00d6verdrag:<\/b><br \/>\n100% ekologisk bomullsjersey (kbA)<\/p>\n<p><b>F\u00e4rg:<\/b><br \/>\nNaturvit<\/p>\n","protected":false},"featured_media":1275,"comment_status":"open","ping_status":"closed","template":"","meta":[],"product_brand":[],"product_cat":[146],"product_tag":[],"class_list":{"0":"post-859","1":"product","2":"type-product","3":"status-publish","4":"has-post-thumbnail","6":"product_cat-amnings-och-avslappningskudde","7":"product_shipping_class-fast-pris-kuddar-barnsovrumsprodukter","8":"pa_k1-20x130-cm-b-x-l","9":"pa_k1-20x190-cm-b-x-l","11":"first","12":"onbackorder","13":"taxable","14":"shipping-taxable","15":"purchasable","16":"product-type-variable","17":"has-default-attributes"},"_links":{"self":[{"href":"https:\/\/www.askurochembla.ax\/index.php?rest_route=\/wp\/v2\/product\/859","targetHints":{"allow":["GET"]}}],"collection":[{"href":"https:\/\/www.askurochembla.ax\/index.php?rest_route=\/wp\/v2\/product"}],"about":[{"href":"https:\/\/www.askurochembla.ax\/index.php?rest_route=\/wp\/v2\/types\/product"}],"replies":[{"embeddable":true,"href":"https:\/\/www.askurochembla.ax\/index.php?rest_route=%2Fwp%2Fv2%2Fcomments&post=859"}],"wp:featuredmedia":[{"embeddable":true,"href":"https:\/\/www.askurochembla.ax\/index.php?rest_route=\/wp\/v2\/media\/1275"}],"wp:attachment":[{"href":"https:\/\/www.askurochembla.ax\/index.php?rest_route=%2Fwp%2Fv2%2Fmedia&parent=859"}],"wp:term":[{"taxonomy":"product_brand","embeddable":true,"href":"https:\/\/www.askurochembla.ax\/index.php?rest_route=%2Fwp%2Fv2%2Fproduct_brand&post=859"},{"taxonomy":"product_cat","embeddable":true,"href":"https:\/\/www.askurochembla.ax\/index.php?rest_route=%2Fwp%2Fv2%2Fproduct_cat&post=859"},{"taxonomy":"product_tag","embeddable":true,"href":"https:\/\/www.askurochembla.ax\/index.php?rest_route=%2Fwp%2Fv2%2Fproduct_tag&post=859"}],"curies":[{"name":"wp","href":"https:\/\/api.w.org\/{rel}","templated":true}]}}