{"id":872,"date":"2013-11-29T07:54:40","date_gmt":"2013-11-29T07:54:40","guid":{"rendered":"https:\/\/www.askurochembla.ax\/?post_type=product&#038;p=872"},"modified":"2023-08-24T06:25:00","modified_gmt":"2023-08-24T06:25:00","slug":"matta-futon-stor","status":"publish","type":"product","link":"https:\/\/www.askurochembla.ax\/?product=matta-futon-stor","title":{"rendered":"Matta, Futon, stor"},"content":{"rendered":"","protected":false},"excerpt":{"rendered":"<p>En matta gjord av ren ekologisk bomull f\u00f6r att sitta bekv\u00e4mt p\u00e5 under t ex yoga\u00f6vningar eller meditation. K\u00e4rnan best\u00e5r av 4 cm bomullsfleece. \u00d6verdraget \u00e4r avtagbart och tv\u00e4ttbart. Finns i tre f\u00e4rger.<\/p>\n<p>Certifierad ekologisk bomull av GOTS. Produktionen \u00e4r certifierad av IVN. Alla produkter testas regelm\u00e4ssigt f\u00f6r inneh\u00e5ll av skadliga \u00e4mnen av ECO-institutet i Tyskland. Tv\u00e5 \u00e5rs fabriksgaranti fr\u00e5n Prolana.<\/p>\n<p><b>Stoppning:<\/b><br \/>\n4 cm 100% ekologisk bomullsfleece (kbA)<\/p>\n<p><b>\u00d6verdrag:<\/b><br \/>\n100% ekologisk bomullsdr\u00e4ll<\/p>\n<p><b>Storlek:<\/b><br \/>\n4x80x200 cm<\/p>\n<p><strong>Leveranstid:<\/strong><\/p>\n<p>Mellan 4 och 6 veckor.<\/p>\n","protected":false},"featured_media":873,"comment_status":"open","ping_status":"closed","template":"","meta":[],"product_brand":[],"product_cat":[137],"product_tag":[],"class_list":{"0":"post-872","1":"product","2":"type-product","3":"status-publish","4":"has-post-thumbnail","6":"product_cat-yogamattor","7":"pa_farg-antrazit","8":"pa_farg-creme","9":"pa_farg-terracotta","11":"first","12":"instock","13":"taxable","14":"shipping-taxable","15":"purchasable","16":"product-type-variable","17":"has-default-attributes"},"_links":{"self":[{"href":"https:\/\/www.askurochembla.ax\/index.php?rest_route=\/wp\/v2\/product\/872","targetHints":{"allow":["GET"]}}],"collection":[{"href":"https:\/\/www.askurochembla.ax\/index.php?rest_route=\/wp\/v2\/product"}],"about":[{"href":"https:\/\/www.askurochembla.ax\/index.php?rest_route=\/wp\/v2\/types\/product"}],"replies":[{"embeddable":true,"href":"https:\/\/www.askurochembla.ax\/index.php?rest_route=%2Fwp%2Fv2%2Fcomments&post=872"}],"wp:featuredmedia":[{"embeddable":true,"href":"https:\/\/www.askurochembla.ax\/index.php?rest_route=\/wp\/v2\/media\/873"}],"wp:attachment":[{"href":"https:\/\/www.askurochembla.ax\/index.php?rest_route=%2Fwp%2Fv2%2Fmedia&parent=872"}],"wp:term":[{"taxonomy":"product_brand","embeddable":true,"href":"https:\/\/www.askurochembla.ax\/index.php?rest_route=%2Fwp%2Fv2%2Fproduct_brand&post=872"},{"taxonomy":"product_cat","embeddable":true,"href":"https:\/\/www.askurochembla.ax\/index.php?rest_route=%2Fwp%2Fv2%2Fproduct_cat&post=872"},{"taxonomy":"product_tag","embeddable":true,"href":"https:\/\/www.askurochembla.ax\/index.php?rest_route=%2Fwp%2Fv2%2Fproduct_tag&post=872"}],"curies":[{"name":"wp","href":"https:\/\/api.w.org\/{rel}","templated":true}]}}