{"id":879,"date":"2013-11-29T07:58:19","date_gmt":"2013-11-29T07:58:19","guid":{"rendered":"https:\/\/www.askurochembla.ax\/?post_type=product&#038;p=879"},"modified":"2023-08-24T06:18:04","modified_gmt":"2023-08-24T06:18:04","slug":"matta-yoga","status":"publish","type":"product","link":"https:\/\/www.askurochembla.ax\/?product=matta-yoga","title":{"rendered":"Matta, Yoga"},"content":{"rendered":"","protected":false},"excerpt":{"rendered":"<p>Matta f\u00f6r t ex yoga\u00f6vningar eller meditation.\u00a0 Den mjuka certifierade ekologiska lammullsplyschen \u00e4r varm och sk\u00f6n att ta p\u00e5. Undersidan \u00e4r t\u00e4ckt av slitstark bomullsdr\u00e4ll. Finns i tre f\u00e4rger.<\/p>\n<p>Certifierad ekologisk bomull av GOTS. Lammull fr\u00e5n garanterat god djurh\u00e5llning, kbT. Produktionen \u00e4r certifierad av IVN. Alla produkter testas regelm\u00e4ssigt f\u00f6r inneh\u00e5ll av skadliga \u00e4mnen av ECO-institutet i Tyskland.<\/p>\n<p>Sk\u00f6tselr\u00e5d: Endast l\u00e4tt handtv\u00e4tt i ljummet vatten och dropptorkning i rumsv\u00e4rme eller utomhus. Ej centrifugering\/maskintv\u00e4tt eller torktumlare\/v\u00e4rmesk\u00e5p eftersom det g\u00f6r att ullen krymper och deformeras. V\u00e4dra g\u00e4rna utomhus i solen n\u00e5gra g\u00e5nger per \u00e5r och om du har tillg\u00e5ng till ren sn\u00f6 l\u00e4gger du ut t\u00e4cket i sn\u00f6n n\u00e5gra timmar en kall vinterdag. Kamma med ullkamm eller rugga l\u00e4tt med rotborste efter tv\u00e4tt.<\/p>\n<p><b>Ovansida:<\/b><br \/>\n100% ekologisk lammullsplysch (kbT)<\/p>\n<p><b>Undersida:<\/b><br \/>\n100% ekologisk bomullsdr\u00e4ll (kbA)<\/p>\n<p><b>Storlek:<\/b><br \/>\n70&#215;190 cm<\/p>\n","protected":false},"featured_media":866,"comment_status":"open","ping_status":"closed","template":"","meta":[],"product_brand":[],"product_cat":[137],"product_tag":[],"class_list":{"0":"post-879","1":"product","2":"type-product","3":"status-publish","4":"has-post-thumbnail","6":"product_cat-yogamattor","7":"pa_farg-antrazit","8":"pa_farg-creme","9":"pa_farg-terracotta","11":"first","12":"instock","13":"taxable","14":"shipping-taxable","15":"purchasable","16":"product-type-variable","17":"has-default-attributes"},"_links":{"self":[{"href":"https:\/\/www.askurochembla.ax\/index.php?rest_route=\/wp\/v2\/product\/879","targetHints":{"allow":["GET"]}}],"collection":[{"href":"https:\/\/www.askurochembla.ax\/index.php?rest_route=\/wp\/v2\/product"}],"about":[{"href":"https:\/\/www.askurochembla.ax\/index.php?rest_route=\/wp\/v2\/types\/product"}],"replies":[{"embeddable":true,"href":"https:\/\/www.askurochembla.ax\/index.php?rest_route=%2Fwp%2Fv2%2Fcomments&post=879"}],"wp:featuredmedia":[{"embeddable":true,"href":"https:\/\/www.askurochembla.ax\/index.php?rest_route=\/wp\/v2\/media\/866"}],"wp:attachment":[{"href":"https:\/\/www.askurochembla.ax\/index.php?rest_route=%2Fwp%2Fv2%2Fmedia&parent=879"}],"wp:term":[{"taxonomy":"product_brand","embeddable":true,"href":"https:\/\/www.askurochembla.ax\/index.php?rest_route=%2Fwp%2Fv2%2Fproduct_brand&post=879"},{"taxonomy":"product_cat","embeddable":true,"href":"https:\/\/www.askurochembla.ax\/index.php?rest_route=%2Fwp%2Fv2%2Fproduct_cat&post=879"},{"taxonomy":"product_tag","embeddable":true,"href":"https:\/\/www.askurochembla.ax\/index.php?rest_route=%2Fwp%2Fv2%2Fproduct_tag&post=879"}],"curies":[{"name":"wp","href":"https:\/\/api.w.org\/{rel}","templated":true}]}}